{"id":564,"date":"2019-01-16T19:14:49","date_gmt":"2019-01-16T18:14:49","guid":{"rendered":"http:\/\/sskz.rkc.si\/sskz\/?page_id=564"},"modified":"2019-06-06T13:45:06","modified_gmt":"2019-06-06T11:45:06","slug":"duhovnost-3","status":"publish","type":"page","link":"https:\/\/sskz.rkc.si\/sskz\/duhovnost-3\/","title":{"rendered":"Izbor jezuitskih molitev"},"content":{"rendered":"\n<p><strong>Bistveni deli molitve po Ignaciju Lojolskem<\/strong><\/p>\n\n\n\n<p><strong>IZBOR JEZUITSKIH MOLITEV<\/strong><\/p>\n\n\n\n<p><strong>SKAVTSKA MOLITEV<\/strong><\/p>\n\n\n\n<p>Gospod,<\/p>\n\n\n\n<p>u\u010di me\nvelikodu\u0161nosti,<\/p>\n\n\n\n<p>da ti bom\nslu\u017eil\/a, kakor zaslu\u017ei\u0161,<\/p>\n\n\n\n<p>da bom\ndajal\/a, ne da bi \u0161tel\/a,<\/p>\n\n\n\n<p>da se bom\nbojeval\/a, ne da bi mislil\/a na rane,<\/p>\n\n\n\n<p>da bom\ndelal\/a, ne da bi iskal\/a po\u010ditka,<\/p>\n\n\n\n<p>da se bom\n\u017ertvoval\/a, ne da bi pri\u010dakoval\/a druge hvale kakor zavest, da vr\u0161im Tvojo\nsveto voljo.<\/p>\n\n\n\n<p><em>Molitev je pripisana sv. Ignaciju Lojolskemu<\/em><\/p>\n\n\n\n<p><\/p>\n\n\n\n<p><strong>MOLITEV MEJ (Mouvement Eucharistique des Jeunes)<\/strong><\/p>\n\n\n\n<p>Nau\u010di nas,\nGospod, <\/p>\n\n\n\n<p>da te bomo\nizbrali vsak dan.<\/p>\n\n\n\n<p>Da bomo\nponavljali tvoj \u00bbda\u00ab <\/p>\n\n\n\n<p>v vsakem\nna\u0161ih dejanj.<\/p>\n\n\n\n<p>Daj, da ti\nbomo sledili brez strahu <\/p>\n\n\n\n<p>in te\nljubili bolj kot vse drugo.<\/p>\n\n\n\n<p>Naredi nas\nbrate med seboj,<\/p>\n\n\n\n<p>ti, ki si\nnas zbral.<\/p>\n\n\n\n<p>Naredi iz\nnas pri\u010de pred vsemi,<\/p>\n\n\n\n<p>pri\u010de tega,\nkar smo videli in sli\u0161ali,<\/p>\n\n\n\n<p>tega, kar\nverujemo in \u017eivimo,<\/p>\n\n\n\n<p>da bo vsak\n\u010dlovek, ki je z nami, <\/p>\n\n\n\n<p>prepoznal v\ntebi <\/p>\n\n\n\n<p>Edinega\nGospoda. <\/p>\n\n\n\n<p>Amen.<\/p>\n\n\n\n<p><em>P. Jean Latapie, jezuit<\/em><\/p>\n\n\n\n<p><\/p>\n\n\n\n<p><strong>VZEMI, GOSPOD, IN SPREJMI <\/strong><\/p>\n\n\n\n<p>Vzemi,\nGospod, in sprejmi<\/p>\n\n\n\n<p>vso mojo\nsvobodo,<\/p>\n\n\n\n<p>moj spomin,\nmoj razum<\/p>\n\n\n\n<p>in vso mojo\nvoljo,<\/p>\n\n\n\n<p>karkoli\nimam<\/p>\n\n\n\n<p>ali\npremorem.<\/p>\n\n\n\n<p>Ti si mi to\ndal,<\/p>\n\n\n\n<p>tebi,\nGospod, to vra\u010dam.<\/p>\n\n\n\n<p>Vse je\ntvoje,<\/p>\n\n\n\n<p>razpolagaj\nz vsem<\/p>\n\n\n\n<p>popolnoma\npo svoji volji.<\/p>\n\n\n\n<p>Daj mi\nsvojo ljubezen<\/p>\n\n\n\n<p>in milost,<\/p>\n\n\n\n<p>to mi\nzado\u0161\u010da.<\/p>\n\n\n\n<p><em>sv. Ignacij Lojolski (Duhovne vaje 234)<\/em><\/p>\n\n\n\n<p><\/p>\n\n\n\n<p><strong>DU\u0160A KRISTUSOVA<\/strong><\/p>\n\n\n\n<p>Du\u0161a\nKristusova, posveti me.<\/p>\n\n\n\n<p>Telo\nKristusovo, zveli\u010daj me.<\/p>\n\n\n\n<p>Kri\nKristusova, napoji me.<\/p>\n\n\n\n<p>Voda iz\nstrani Kristusove, operi me.<\/p>\n\n\n\n<p>Trpljenje\nKristusovo, utrdi me.<\/p>\n\n\n\n<p>O dobri\nJezus, usli\u0161i me.<\/p>\n\n\n\n<p>V Svoje\nRane sprejmi me.<\/p>\n\n\n\n<p>Od Tebe se\nlo\u010diti ne pusti me.<\/p>\n\n\n\n<p>Pred hudim\nsovra\u017enikom brani me.<\/p>\n\n\n\n<p>Ob uri moje\nsmrti, pokli\u010di me<\/p>\n\n\n\n<p>In k Tebi\npriti pusti me,<\/p>\n\n\n\n<p>da bom s\nTvojimi svetniki hvalil(a) te,<\/p>\n\n\n\n<p>na vekov\nveke.<\/p>\n\n\n\n<p>Amen.<\/p>\n\n\n\n<p><em>(neznana molitev iz XIV. Stoletja, Duhovne vaje sv. Ignacija Lojolskega)<\/em><\/p>\n\n\n\n<p><\/p>\n\n\n\n<p><strong>MOLITEV PODARITVE<\/strong><\/p>\n\n\n\n<p>Moj Bog, dobri o\u010de, izro\u010dam ti ta novi dan, moje molitve in dela, radosti\nin trpljenje, zdru\u017een s tvojim sinom Jezusom Kristusom, ki se ne preneha\ndarovati svetu po Evharistiji.<\/p>\n\n\n\n<p>Sveti Duh, v Jezusu polno navzo\u010d, vodi in krep\u010daj me, da danes pri\u010dujem za\ntvojo ljubezen z Marijo, Materjo na\u0161ega Gospoda in Cerkve;<\/p>\n\n\n\n<p><\/p>\n","protected":false},"excerpt":{"rendered":"<p>Bistveni deli molitve po Ignaciju Lojolskem IZBOR JEZUITSKIH MOLITEV SKAVTSKA MOLITEV Gospod, u\u010di me velikodu\u0161nosti, da ti bom slu\u017eil\/a, kakor zaslu\u017ei\u0161, da bom dajal\/a, ne da bi \u0161tel\/a, da se bom bojeval\/a, ne da bi mislil\/a na rane, da bom delal\/a, ne da bi iskal\/a po\u010ditka, da se bom \u017ertvoval\/a, ne da bi pri\u010dakoval\/a druge &hellip; <a href=\"https:\/\/sskz.rkc.si\/sskz\/duhovnost-3\/\" class=\"more-link\">Continue reading <span class=\"screen-reader-text\">Izbor jezuitskih molitev<\/span><\/a><\/p>\n","protected":false},"author":1,"featured_media":1106,"parent":0,"menu_order":0,"comment_status":"closed","ping_status":"closed","template":"","meta":[],"_links":{"self":[{"href":"https:\/\/sskz.rkc.si\/sskz\/wp-json\/wp\/v2\/pages\/564"}],"collection":[{"href":"https:\/\/sskz.rkc.si\/sskz\/wp-json\/wp\/v2\/pages"}],"about":[{"href":"https:\/\/sskz.rkc.si\/sskz\/wp-json\/wp\/v2\/types\/page"}],"author":[{"embeddable":true,"href":"https:\/\/sskz.rkc.si\/sskz\/wp-json\/wp\/v2\/users\/1"}],"replies":[{"embeddable":true,"href":"https:\/\/sskz.rkc.si\/sskz\/wp-json\/wp\/v2\/comments?post=564"}],"version-history":[{"count":3,"href":"https:\/\/sskz.rkc.si\/sskz\/wp-json\/wp\/v2\/pages\/564\/revisions"}],"predecessor-version":[{"id":1108,"href":"https:\/\/sskz.rkc.si\/sskz\/wp-json\/wp\/v2\/pages\/564\/revisions\/1108"}],"wp:featuredmedia":[{"embeddable":true,"href":"https:\/\/sskz.rkc.si\/sskz\/wp-json\/wp\/v2\/media\/1106"}],"wp:attachment":[{"href":"https:\/\/sskz.rkc.si\/sskz\/wp-json\/wp\/v2\/media?parent=564"}],"curies":[{"name":"wp","href":"https:\/\/api.w.org\/{rel}","templated":true}]}}