{"id":559,"date":"2019-01-16T19:14:40","date_gmt":"2019-01-16T18:14:40","guid":{"rendered":"http:\/\/sskz.rkc.si\/sskz\/?page_id=559"},"modified":"2019-06-06T13:39:38","modified_gmt":"2019-06-06T11:39:38","slug":"duhovnost-2","status":"publish","type":"page","link":"https:\/\/sskz.rkc.si\/sskz\/duhovnost-2\/","title":{"rendered":"Kako sprejeti dobro odlo\u010ditev?"},"content":{"rendered":"\n<p><strong>Bistveni deli molitve po Ignaciju Lojolskem<\/strong><\/p>\n\n\n\n<p><strong>KAKO SPREJETI DOBRO ODLO\u010cITEV<\/strong><\/p>\n\n\n\n<p><strong>ZAUPANJE. <\/strong>V sebi nosimo \u00bbGPS milosti\u00ab, ki nas vodi pri sprejemanju odlo\u010ditev.\u00a0 V na\u0161o korist je, da ga poslu\u0161amo in mu zaupamo, kajti to je prisotnost Svetega Duha, poslanega od Boga O\u010deta, ki dela v nas. Ni\u010d ni bolj zaupanja vrednega od tega GPSa. Zbuja na\u0161o svobodo, da ne sledimo slepo temu, kar bi drugi rekli, naj storimo ali ne storimo. Vodi nas h globokemu notranjemu miru, k bolj\u0161emu vzpostavljanju\u00a0 stikov z drugimi in k odkrivanju, kako lahko samo mi prispevamo k svetu na na\u010din, ki ustreza na\u0161i poklicanosti. <\/p>\n\n\n\n<p>Zaupaj: Bog\nje tu. <\/p>\n\n\n\n<p>Ponavadi\nodlo\u010ditve ne padejo z neba, a lahko ra\u010duna\u0161 na Boga, da te bo notranje vodil. <\/p>\n\n\n\n<p><strong>ODLO\u010cITEV.<\/strong> Pogosto sprejemamo odlo\u010ditve, da bi ugajali drugim ali se izognili neodobravanju ali imeli uspeh v o\u010deh sveta. Bolj pristen pristop je v tem, da se vpra\u0161amo: Ali me ta odlo\u010ditev resni\u010dno zadovoljuje? Ali je res dobra zame in za druge? Ali se ujema z mojimi najpomembnej\u0161imi vrednotami? Dobro je, da se spomnimo, da ne moremo imeti vsega ves \u010das! Re\u010di da eni stvari pomeni re\u010di ne drugi. To je brez dvoma te\u017eko, a z na\u0161im da pustimo \u017eivljenju, da se bolj razvija v nas. <\/p>\n\n\n\n<p>Sprejmi\nodlo\u010ditev, ki bo \u00bbtvoja\u00ab odlo\u010ditev. <\/p>\n\n\n\n<p>Nesprejemanje\nodlo\u010ditve je tudi odlo\u010ditev. Ostati neodlo\u010den po\u017eira tvojo energijo. <\/p>\n\n\n\n<p><strong>\u010cUTENJE. <\/strong>V\u010dasih se pustimo voditi navdu\u0161enju \u2026 a se nato ustra\u0161imo izziva, ki ga predstavlja. Slab ob\u010dutek lahko namiguje, naj si izberemo drugo pot, in na\u0161 razum lahko izrazi resne dvome glede ene ali druge odlo\u010ditve. Skratka, vse to \u00a0nas v\u010dasih lahko zmede. Kaj storiti? Ostati potrpe\u017eljivi in dovoliti notranjim vzgibom, \u010dustvom in mislim, da se pre\u010di\u0161\u010dujejo tako dolgo, da se mir povrne. Ko je odlo\u010ditev v soglasju z najglobljim v na\u0161em srcu, \u010dutimo, da je \u00bbdobro zame\u00ab. Polni smo poguma in energije. Najdemo mir, in to trajen mir. <\/p>\n\n\n\n<p>Poslu\u0161aj in\npoi\u0161\u010di harmonijo med glavo in srcem. <\/p>\n\n\n\n<p>Katera\nmo\u017enost odzvanja globlje v tvojem srcu \u2013 tudi \u010de je zate izziv?<\/p>\n\n\n\n<p><strong>NASVETI.<\/strong> Ni nam v\u0161e\u010d, da nam nekdo drug re\u010de, kaj je treba storiti. A v nas je mo\u010dna potreba, da poslu\u0161amo osebe, ki nas dobro poznajo, ki za nas \u017eelijo le najbolj\u0161e, ali imajo znanje ali izku\u0161nje, ki jih nam primanjkuje. Take osebe nam lahko pomagajo odkriti in razjasniti, kaj si resni\u010dno \u017eelimo, ali je na\u0161e razmi\u0161ljanje razumno, in ali se izbira, ki jo nameravamo storiti, ujema z na\u0161imi najosnovnej\u0161imi prepri\u010danji. Pogosto te osebe lahko poka\u017eejo mo\u017enosti, na katere nismo \u0161e nikoli pomislili, in jih lahko razi\u0161\u010demo. <\/p>\n\n\n\n<p>Poi\u0161\u010di\nnekaj dobrih nasvetov. <\/p>\n\n\n\n<p>Tvoje\nmotivacije bodo postale jasnej\u0161e, ko bo\u0161 o njih z nekom govoril. Zaupno deliti\nvedno pripomore k rasti.<\/p>\n\n\n\n<p><strong>IZBIRE.<\/strong> Kadar se moramo odlo\u010diti, je dobro imeti realno izbiro; izbiro med dvema mo\u017enostima, ki sta v osnovi obe dobri. Ko ju med sabo primerjamo, se lahko vpra\u0161amo: Ob kateri odlo\u010ditvi sem mirnej\u0161i? Katero si \u017eelim najgloblje v sebi? Pri kateri odlo\u010ditvi pridejo bolj do izraza moji talenti? Katera odlo\u010ditev je bolj razumna? S katero odlo\u010ditvijo bom bolje slu\u017eil drugim? <\/p>\n\n\n\n<p>Zamisli si\nve\u010d mo\u017enosti.<\/p>\n\n\n\n<p>Da bi si\nomogo\u010dil prvo izbiro, sta potrebni vsaj dve verjetni re\u0161itvi, sicer gre za\ngoljufanje.<\/p>\n\n\n\n<p><strong>PREGLED DNEVA. <\/strong>Da bi se dobro odlo\u010dil, je potrebno biti pozoren na to, kaj \u017eivimo v svetu in z Bogom. Zato jezuiti priporo\u010dajo kratko molitev vsak ve\u010der. Kratki zapisi o tem prav tako lahko pomagajo. <\/p>\n\n\n\n<ul><li>Poi\u0161\u010di\nmiren kraj in dr\u017eo, ki ti pomaga, da si zbran in v molitvi 15 minut. <\/li><li>Sprehodi\nse z Bogom \u010dez dan. \u017deli si, da bi imel \u017eivljenje, ki je izvir veselja.<\/li><li>Bogu\npovej, za kaj si mu hvale\u017een: neko sre\u010danje, izre\u010dena ali sli\u0161ana beseda.<\/li><li>Z\nNjim poglej tudi, kar je bilo te\u017eko in je povzro\u010dilo rane, ob\u017ealovanje, sram \u2026<\/li><li>Na\ntemelju teh izku\u0161enj deli z Gospodom svoje na\u010drte, \u017eelje in upanja za jutri\u0161nji\ndan. <\/li><\/ul>\n\n\n\n<p>15\nnajpomembnej\u0161ih minut tvojega dneva.<\/p>\n\n\n\n<p><strong>VPETOST. <\/strong>Odlo\u010ditev ne sprejemamo v praznem prostoru. Vkoreninjeni smo v prostor \u2013 \u010das,\u00a0 kulturo in dolo\u010deno versko tradicijo. Na\u0161e odlo\u010ditve ne zadevajo vedno le nas samih, upo\u0161tevati je treba tudi trenutek in dolo\u010deno mesto, kjer \u017eivimo. Prav tako pa tudi konkretne potrebe v na\u0161i situaciji. Lahko si postavimo naslednja vpra\u0161anja: Katere potrebe opa\u017eam v svetu in okoli sebe? Kako lahko nanje najbolje odgovorim? In ko bom star, kaj bi si \u017eelel, da bi naredil iz svojega \u017eivljenja? <\/p>\n\n\n\n<p>Poglej,\nkak\u0161ni so izzivi sveta.<\/p>\n\n\n\n<p>Kje si\npotreben? Kje lahko najbolje pomaga\u0161 drugim? Kje bi bila tvoja pomo\u010d dobrodo\u0161la?\n<\/p>\n\n\n\n<p>Ignacij je\nz desetimi prijatelji dolgo \u010dasa razlo\u010deval, preden je l. 1540 ustanovil Dru\u017ebo\nJezusovo.<\/p>\n\n\n\n<p><strong>TALENTI. <\/strong>Sprejemanje odlo\u010ditev predpostavlja, da dobro poznamo sami sebe. Ta proces traja vse \u017eivljenje, a nekatera vpra\u0161anja pomagajo:<\/p>\n\n\n\n<ul><li>Katere\ntalente imam?<\/li><li>Kaj\nso moje mo\u010dne in \u0161ibke to\u010dke?<\/li><li>Kaj\nimam v sebi, kar lahko naredi svet bolj\u0161i? <\/li><\/ul>\n\n\n\n<p>Vpra\u0161ati\ndruge, kaj so darovi (ali \u0161ibkosti), ki jih vidijo v meni, tudi pomaga. Ali se\nstrinjajo s tem, kar vidim sam pri sebi? Ali vidijo poteze moje osebnosti, ki\njih sam nisem opazil? Nikoli se ne nehamo u\u010diti o samih sebi.<\/p>\n\n\n\n<p>Nau\u010di se\nprepoznati svoje darove in sposobnosti.<\/p>\n\n\n\n<p>Kaj zna\u0161 delati?\nKar rad dela\u0161? Katere so dobre lastnosti, ki jih drugi vidijo pri tebi?<\/p>\n\n\n\n<p><strong>SANJE. <\/strong>Na\u0161e sanje so zakopane v globinah na\u0161ega bitja, a so del nas. So odsev na\u0161ih upov zase in za svet. Odkrivajo nam na\u0161e najbolj osebne \u017eelje.\u00a0 Lahko so navdahnjene od Boga in \u010de jih vzamemo za vodilo, lahko postanemo z Bogom so-ustvarjalci svojih odlo\u010ditev. Da bi vedel, katere so tvoje sanje, se vpra\u0161aj, kaj te resni\u010dno navdu\u0161uje. Ne odgovori prehitro na to vpra\u0161anje, sicer bo tvoj odgovor povr\u0161en. Posveti veliko \u010dasa temu vpra\u0161anju, premi\u0161ljuj ga, meditiraj \u2026 Vpra\u0161anju dovoli, da se vedno bolj poglablja, vse do \u2026 <\/p>\n\n\n\n<p>Vzemi si\n\u010das za opazovanje sanj in \u017eelja.<\/p>\n\n\n\n<p>Bog ti\ngovori preko sanj in \u017eelja. Imej pogum, da jim sledi\u0161: pokazale ti bodo pot. <\/p>\n\n\n\n<p>Ob ve\u010derih,\nv Rimu, se je sveti Ignacij rad povzpel na teraso hi\u0161e in opazoval zvezde. <\/p>\n\n\n\n<p><strong>ZADNJI NASVET?<\/strong><\/p>\n\n\n\n<p>Vedno in\nbrez prestanka se moramo vra\u010dati k devetim to\u010dkam, predstavljenim v tej\nzgibanki, dokler nas ne pre\u017eamejo in postanejo na\u0161e. Nobena to\u010dka ne zdr\u017ei\nsama: vsaka je povezana z ostalimi.<\/p>\n\n\n\n<p>Seveda pa\nne gre za \u010dude\u017een recept. \u00bbFinte\u00ab ne obstajajo, kajti sprejemanje odlo\u010ditev je\numetnost. <\/p>\n\n\n\n<p>Vse se\nza\u010denja in po\u010diva v zaupanju, ki ga naklanjamo Gospodu. Brez molitve, \u010dasa za\nmeditacijo, ko z Njim govorimo o izbirah, ki jih \u017eelimo sprejeti po Duhu, se ne\nmoremo odlo\u010diti glede ni\u010desar duhovnega. <\/p>\n\n\n\n<p><em>Pripravila jezuitska dru\u017eina za nove poklice<\/em><\/p>\n","protected":false},"excerpt":{"rendered":"<p>Bistveni deli molitve po Ignaciju Lojolskem KAKO SPREJETI DOBRO ODLO\u010cITEV ZAUPANJE. V sebi nosimo \u00bbGPS milosti\u00ab, ki nas vodi pri sprejemanju odlo\u010ditev.\u00a0 V na\u0161o korist je, da ga poslu\u0161amo in mu zaupamo, kajti to je prisotnost Svetega Duha, poslanega od Boga O\u010deta, ki dela v nas. Ni\u010d ni bolj zaupanja vrednega od tega GPSa. Zbuja &hellip; <a href=\"https:\/\/sskz.rkc.si\/sskz\/duhovnost-2\/\" class=\"more-link\">Continue reading <span class=\"screen-reader-text\">Kako sprejeti dobro odlo\u010ditev?<\/span><\/a><\/p>\n","protected":false},"author":1,"featured_media":1103,"parent":0,"menu_order":0,"comment_status":"closed","ping_status":"closed","template":"","meta":[],"_links":{"self":[{"href":"https:\/\/sskz.rkc.si\/sskz\/wp-json\/wp\/v2\/pages\/559"}],"collection":[{"href":"https:\/\/sskz.rkc.si\/sskz\/wp-json\/wp\/v2\/pages"}],"about":[{"href":"https:\/\/sskz.rkc.si\/sskz\/wp-json\/wp\/v2\/types\/page"}],"author":[{"embeddable":true,"href":"https:\/\/sskz.rkc.si\/sskz\/wp-json\/wp\/v2\/users\/1"}],"replies":[{"embeddable":true,"href":"https:\/\/sskz.rkc.si\/sskz\/wp-json\/wp\/v2\/comments?post=559"}],"version-history":[{"count":2,"href":"https:\/\/sskz.rkc.si\/sskz\/wp-json\/wp\/v2\/pages\/559\/revisions"}],"predecessor-version":[{"id":1104,"href":"https:\/\/sskz.rkc.si\/sskz\/wp-json\/wp\/v2\/pages\/559\/revisions\/1104"}],"wp:featuredmedia":[{"embeddable":true,"href":"https:\/\/sskz.rkc.si\/sskz\/wp-json\/wp\/v2\/media\/1103"}],"wp:attachment":[{"href":"https:\/\/sskz.rkc.si\/sskz\/wp-json\/wp\/v2\/media?parent=559"}],"curies":[{"name":"wp","href":"https:\/\/api.w.org\/{rel}","templated":true}]}}