{"id":554,"date":"2019-01-16T19:14:24","date_gmt":"2019-01-16T18:14:24","guid":{"rendered":"http:\/\/sskz.rkc.si\/sskz\/?page_id=554"},"modified":"2019-06-06T13:34:46","modified_gmt":"2019-06-06T11:34:46","slug":"duhovnost-1","status":"publish","type":"page","link":"https:\/\/sskz.rkc.si\/sskz\/duhovnost-1\/","title":{"rendered":"MOLITI S SVETIM PISMOM"},"content":{"rendered":"\n<p><strong>Bistveni deli molitve po Ignaciju Lojolskem<\/strong><\/p>\n\n\n\n<p><strong>RAZLI\u010cNI NA\u010cINI, KAKO MOLITI S SVETIM PISMOM<\/strong><\/p>\n\n\n\n<p><strong>PRIPRAVA <\/strong><\/p>\n\n\n\n<p>Pripravim\nse na sre\u010danje z Gospodom<\/p>\n\n\n\n<ul><li>Ko\nse pribli\u017eujem kraju molitve, se spomnim, da bom z Gospodom pre\u017eivel trenutke\nbli\u017eine. <\/li><li>Poi\u0161\u010dem\nsi kraj in dr\u017eo, ki mi pomagata, da sem bolj zbran.<\/li><li>Poskrbim\nza ti\u0161ino, ugasnem mobitel, diham po\u010dasi: celo moje telo se umirja.<\/li><li>Zavedam\nse, da vstopam v Gospodovo navzo\u010dnost. Gledam ga, kakor on gleda mene.<\/li><li>Po\nznamenju kri\u017ea prosim Svetega Duha, da me podpre pri poslu\u0161anju Gospoda v \u010dasu\nmolitve.<\/li><\/ul>\n\n\n\n<p>Naj mi vse,\nkar se bo zgodilo, pomaga najti Jezusa Kristusa, da bi ga bolje poznal, bolj\nljubil in hodil za njim.<\/p>\n\n\n\n<p><strong>MOLITEV S PSALMI<\/strong><\/p>\n\n\n\n<p>PRO\u0160NJA.\nGospoda prosim, da bi isti Duh, ki je navdihoval psalme, navdihnil tudi mene in\nmojo molitev, da bi razumel, oku\u0161al in slavil.<\/p>\n\n\n\n<p>BRANJE. Na\nglas preberem psalm, ki sem ga izbral, in pustim, da odmeva v meni. V ti\u0161ini ga\nponovno preberem in sem pozoren na besede, ob katerih zazvenijo globine mojega\nsrca.<\/p>\n\n\n\n<p>OKU\u0160ANJE.\nPsalm ponovim vrstico za vrstico. Vrstice lahko preprosto ponavljam, da se\nvtisnejo v moje srce in spomin. Ali pa se ustavim ob podobah in jih oku\u0161am s\nsvojo domi\u0161ljijo.<\/p>\n\n\n\n<p>SPOMINJANJE.\nV spomin si prikli\u010dem \u017eivljenjske okoli\u0161\u010dine ali duhovne izku\u0161nje, ki se\nprebudijo ob podobah in besedah psalma. In gledam, kako Gospod uresni\u010duje svojo\nBesedo.<\/p>\n\n\n\n<p>POGOVOR.\nKon\u010dam z besedami iz psalma (ali drugimi besedami), s katerimi slavim, se\nzahvaljujem, prosim \u2026<\/p>\n\n\n\n<p><strong>KONTEMPACIJA <\/strong><\/p>\n\n\n\n<p>BRATI.\nIzberem svetopisemsko pripoved, prizor iz ene od svetopisemskih knjig, in ga\npozorno preberem, tudi ve\u010dkrat, \u010de je to potrebno.<\/p>\n\n\n\n<p>OGLEDATI\nSI. Vstopim v odnos z vsako od oseb iz svetopisemskega odlomka, si jih\npredstavljam in ogledam, kakor \u010de bi bil prisoten v prizoru. Ko sem si ga\nogledal, pomislim nase ter iz tega dobim kako korist.<\/p>\n\n\n\n<p>SLI\u0160ATI.\nSli\u0161im osebe, ki govorijo, in poslu\u0161am, kaj pravijo, kakor \u010de bi se pogovarjale\nz mano. Potem ko sem poslu\u0161al, razmislim, da bi se mi kaj razjasnilo.<\/p>\n\n\n\n<p>GLEDATI.\nGledam, kaj delajo osebe, in sem posebej pozoren na njihova dejanja. Gledam, ne\nda bi hitel. Nato zase poi\u0161\u010dem kak\u0161no spoznanje.<\/p>\n\n\n\n<p>POGOVARJATI\nSE. Ko sem tako kontempliral svetopisemski prizor, zaklju\u010dim molitev s\npogovorom z Jezusom, \u00bbkakor prijatelj govori s prijateljem, ali slu\u017eabnik s\nsvojim gospodarjem\u00ab.<\/p>\n\n\n\n<p><strong>LECTIO DIVINA<\/strong><\/p>\n\n\n\n<p>PRO\u0160NJA.\nGospoda prosim, da bi mi dal lu\u010di, da bi gledal svet in samega sebe preko tega,\nkar bom meditiral.<\/p>\n\n\n\n<p>BRANJE.\nIzberem evangeljski odlomek ali katerikoli drug odlomek iz Svetega pisma, ki mi\npomaga verovati, bolj spoznavati Gospoda in \u017eiveti po njegovem vzoru. Odlomek\npreberem po\u010dasi in ve\u010dkrat.<\/p>\n\n\n\n<p>SPOMINJANJE.\nSpomnim se, kdo je tako govoril, v kak\u0161nih okoli\u0161\u010dinah in komu. Pozoren sem na\nto, kaj mi te besede razodevajo o Bogu, in na na\u010din, kako odmevajo v meni.<\/p>\n\n\n\n<p>RAZUMEVANJE.\nRazmislim o pomenu besed in vplivih, ki bi jih lahko imele na moje \u017eivljenje.<\/p>\n\n\n\n<p>VOLJA.\nNaravnam se tako,&nbsp; da se vse moje bitje\nnavdu\u0161i za Jezusov na\u010din \u017eivljenja. Vse v \u017eivljenju zastavim, da bi preobrazil\nna\u010din hotenja, mi\u0161ljenja in delovanja.<\/p>\n\n\n\n<p><strong>MOLITI Z DIHANJEM<\/strong><\/p>\n\n\n\n<p>PROSITI.\nGospoda prosim, da mi pomaga, da bi bili vsi moji nameni, dejanja, notranje\n\u017eivljenje \u2026 usklajeni z njegovo voljo.<\/p>\n\n\n\n<p>IZBRATI.\nIzberem preprosto in dobro znano molitev (O\u010dena\u0161, Zdrava Marija, skavtska\nmolitev \u2026) ali litanije, ki jih znam na pamet (kot na primer vseh svetnikov).<\/p>\n\n\n\n<p>Z DIHOM. O\nvsakem vdihu in izdihu izre\u010dem besedo molitve, ki sem jo izbral. Ne vsiljujem\nritma, ampak sku\u0161am obdr\u017eati naravno hitrost svojega diha. Molitev izre\u010dem\nbesedo za besedo.<\/p>\n\n\n\n<p>S\nPONAVLJANJEM. Ve\u010dkrat lahko ponovim isto besedo in nato preidem na naslednjo.\nTako pustim vsaki besedi, da razodene ves svoj pomen, me spomni na neko osebo\nali situacijo, me opozori na neko podro\u010dje mojega \u017eivljenja, ki ga moram\nspremeniti \u2026<\/p>\n\n\n\n<p>POGOVARJATI\nSE. Za zaklju\u010dek se obrnem na Gospoda \u00bbkakor prijatelj govori s prijateljem, ali\nslu\u017eabnik s svojim gospodarjem\u00ab.<\/p>\n","protected":false},"excerpt":{"rendered":"<p>Bistveni deli molitve po Ignaciju Lojolskem RAZLI\u010cNI NA\u010cINI, KAKO MOLITI S SVETIM PISMOM PRIPRAVA Pripravim se na sre\u010danje z Gospodom Ko se pribli\u017eujem kraju molitve, se spomnim, da bom z Gospodom pre\u017eivel trenutke bli\u017eine. Poi\u0161\u010dem si kraj in dr\u017eo, ki mi pomagata, da sem bolj zbran. Poskrbim za ti\u0161ino, ugasnem mobitel, diham po\u010dasi: celo moje &hellip; <a href=\"https:\/\/sskz.rkc.si\/sskz\/duhovnost-1\/\" class=\"more-link\">Continue reading <span class=\"screen-reader-text\">MOLITI S SVETIM PISMOM<\/span><\/a><\/p>\n","protected":false},"author":1,"featured_media":1096,"parent":0,"menu_order":0,"comment_status":"closed","ping_status":"closed","template":"","meta":[],"_links":{"self":[{"href":"https:\/\/sskz.rkc.si\/sskz\/wp-json\/wp\/v2\/pages\/554"}],"collection":[{"href":"https:\/\/sskz.rkc.si\/sskz\/wp-json\/wp\/v2\/pages"}],"about":[{"href":"https:\/\/sskz.rkc.si\/sskz\/wp-json\/wp\/v2\/types\/page"}],"author":[{"embeddable":true,"href":"https:\/\/sskz.rkc.si\/sskz\/wp-json\/wp\/v2\/users\/1"}],"replies":[{"embeddable":true,"href":"https:\/\/sskz.rkc.si\/sskz\/wp-json\/wp\/v2\/comments?post=554"}],"version-history":[{"count":3,"href":"https:\/\/sskz.rkc.si\/sskz\/wp-json\/wp\/v2\/pages\/554\/revisions"}],"predecessor-version":[{"id":1100,"href":"https:\/\/sskz.rkc.si\/sskz\/wp-json\/wp\/v2\/pages\/554\/revisions\/1100"}],"wp:featuredmedia":[{"embeddable":true,"href":"https:\/\/sskz.rkc.si\/sskz\/wp-json\/wp\/v2\/media\/1096"}],"wp:attachment":[{"href":"https:\/\/sskz.rkc.si\/sskz\/wp-json\/wp\/v2\/media?parent=554"}],"curies":[{"name":"wp","href":"https:\/\/api.w.org\/{rel}","templated":true}]}}