{"id":539,"date":"2019-01-16T19:12:49","date_gmt":"2019-01-16T18:12:49","guid":{"rendered":"http:\/\/sskz.rkc.si\/sskz\/?page_id=539"},"modified":"2021-06-18T12:05:03","modified_gmt":"2021-06-18T10:05:03","slug":"izviri","status":"publish","type":"page","link":"https:\/\/sskz.rkc.si\/sskz\/izviri\/","title":{"rendered":"Izviri"},"content":{"rendered":"\n<p>Skupnost je nastala kot neformalna skupina mladih v poznih sedemdesetih letih in si nadela ime Kres. \u010clani so skupaj obhajali evharistijo in poglabljali svoj odnos z Gospodom predvsem z uporabo sredstev ignacijanske duhovnosti.<\/p>\n\n\n\n<p>Leta 1994 so \u010dlani skupnosti prepoznali svoj na\u010din \u017eivljenja v gibanju Skupnost kr\u0161\u010danskega \u017eivljenja. Zaradi ureditve formalnega statusa je bilo takrat ustanovljeno dru\u0161tvo, da se je lahko vklju\u010dilo v Svetovno skupnost kr\u0161\u010danskega \u017eivljenja, ki deluje na vseh celinah.<\/p>\n","protected":false},"excerpt":{"rendered":"<p>Skupnost je nastala kot neformalna skupina mladih v poznih sedemdesetih letih in si nadela ime Kres. \u010clani so skupaj obhajali evharistijo in poglabljali svoj odnos z Gospodom predvsem z uporabo sredstev ignacijanske duhovnosti. Leta 1994 so \u010dlani skupnosti prepoznali svoj na\u010din \u017eivljenja v gibanju Skupnost kr\u0161\u010danskega \u017eivljenja. Zaradi ureditve formalnega statusa je bilo takrat ustanovljeno &hellip; <a href=\"https:\/\/sskz.rkc.si\/sskz\/izviri\/\" class=\"more-link\">Continue reading <span class=\"screen-reader-text\">Izviri<\/span><\/a><\/p>\n","protected":false},"author":1,"featured_media":0,"parent":0,"menu_order":0,"comment_status":"closed","ping_status":"closed","template":"","meta":[],"_links":{"self":[{"href":"https:\/\/sskz.rkc.si\/sskz\/wp-json\/wp\/v2\/pages\/539"}],"collection":[{"href":"https:\/\/sskz.rkc.si\/sskz\/wp-json\/wp\/v2\/pages"}],"about":[{"href":"https:\/\/sskz.rkc.si\/sskz\/wp-json\/wp\/v2\/types\/page"}],"author":[{"embeddable":true,"href":"https:\/\/sskz.rkc.si\/sskz\/wp-json\/wp\/v2\/users\/1"}],"replies":[{"embeddable":true,"href":"https:\/\/sskz.rkc.si\/sskz\/wp-json\/wp\/v2\/comments?post=539"}],"version-history":[{"count":4,"href":"https:\/\/sskz.rkc.si\/sskz\/wp-json\/wp\/v2\/pages\/539\/revisions"}],"predecessor-version":[{"id":1536,"href":"https:\/\/sskz.rkc.si\/sskz\/wp-json\/wp\/v2\/pages\/539\/revisions\/1536"}],"wp:attachment":[{"href":"https:\/\/sskz.rkc.si\/sskz\/wp-json\/wp\/v2\/media?parent=539"}],"curies":[{"name":"wp","href":"https:\/\/api.w.org\/{rel}","templated":true}]}}