{"id":533,"date":"2019-01-16T19:12:32","date_gmt":"2019-01-16T18:12:32","guid":{"rendered":"http:\/\/sskz.rkc.si\/sskz\/?page_id=533"},"modified":"2019-01-22T15:49:44","modified_gmt":"2019-01-22T14:49:44","slug":"kako-se-pridruzim","status":"publish","type":"page","link":"https:\/\/sskz.rkc.si\/sskz\/kako-se-pridruzim\/","title":{"rendered":"Kako se pridru\u017eim"},"content":{"rendered":"\n<p>Prvi korak je navezava stika z <a href=\"mailto:sskz@rkc.si\">vodstvom\nSSK\u017d<\/a> ali enim od \u010dlanov, pogovor in spoznavanje \u017eivljenja v skupnosti. Ob\nve\u010djem \u0161tevilu novih \u010dlanov se obi\u010dajno oblikuje uvajalna skupina, ki ob\nspremljanju izku\u0161enih \u010dlanov nekaj mesecev spoznava \u017eivljenje v skupnosti, nato\npa postane samostojna ali pa se \u010dlani pridru\u017eijo drugim skupinam. <\/p>\n","protected":false},"excerpt":{"rendered":"<p>Prvi korak je navezava stika z vodstvom SSK\u017d ali enim od \u010dlanov, pogovor in spoznavanje \u017eivljenja v skupnosti. Ob ve\u010djem \u0161tevilu novih \u010dlanov se obi\u010dajno oblikuje uvajalna skupina, ki ob spremljanju izku\u0161enih \u010dlanov nekaj mesecev spoznava \u017eivljenje v skupnosti, nato pa postane samostojna ali pa se \u010dlani pridru\u017eijo drugim skupinam.<\/p>\n","protected":false},"author":1,"featured_media":0,"parent":0,"menu_order":0,"comment_status":"closed","ping_status":"closed","template":"","meta":[],"_links":{"self":[{"href":"https:\/\/sskz.rkc.si\/sskz\/wp-json\/wp\/v2\/pages\/533"}],"collection":[{"href":"https:\/\/sskz.rkc.si\/sskz\/wp-json\/wp\/v2\/pages"}],"about":[{"href":"https:\/\/sskz.rkc.si\/sskz\/wp-json\/wp\/v2\/types\/page"}],"author":[{"embeddable":true,"href":"https:\/\/sskz.rkc.si\/sskz\/wp-json\/wp\/v2\/users\/1"}],"replies":[{"embeddable":true,"href":"https:\/\/sskz.rkc.si\/sskz\/wp-json\/wp\/v2\/comments?post=533"}],"version-history":[{"count":2,"href":"https:\/\/sskz.rkc.si\/sskz\/wp-json\/wp\/v2\/pages\/533\/revisions"}],"predecessor-version":[{"id":876,"href":"https:\/\/sskz.rkc.si\/sskz\/wp-json\/wp\/v2\/pages\/533\/revisions\/876"}],"wp:attachment":[{"href":"https:\/\/sskz.rkc.si\/sskz\/wp-json\/wp\/v2\/media?parent=533"}],"curies":[{"name":"wp","href":"https:\/\/api.w.org\/{rel}","templated":true}]}}