{"id":528,"date":"2019-01-16T19:12:20","date_gmt":"2019-01-16T18:12:20","guid":{"rendered":"http:\/\/sskz.rkc.si\/sskz\/?page_id=528"},"modified":"2021-01-05T18:19:55","modified_gmt":"2021-01-05T17:19:55","slug":"zivljenje-v-skupnosti","status":"publish","type":"page","link":"https:\/\/sskz.rkc.si\/sskz\/zivljenje-v-skupnosti\/","title":{"rendered":"\u017divljenje v skupnosti"},"content":{"rendered":"\n<p>Slovenska SK\u017d je del <a rel=\"noreferrer noopener\" aria-label=\" (opens in a new tab)\" href=\"http:\/\/www.cvx-clc.net\/\" target=\"_blank\">Svetovne SK\u017d<\/a> s sede\u017eem v Rimu, ki deluje v <a href=\"http:\/\/www.cvx-clc.net\/l-en\/whereWeAre.html\" target=\"_blank\" rel=\"noreferrer noopener\" aria-label=\" (opens in a new tab)\">\u0161tevilnih dr\u017eavah<\/a> po svetu na vseh celinah. <\/p>\n\n\n\n<p>\u017divljenje iz ignacijanske duhovnosti sestavljajo sre\u010danja v stalnih manj\u0161ih skupinah, sre\u010danja celotne Skupnosti, <a rel=\"noreferrer noopener\" aria-label=\" (opens in a new tab)\" href=\"https:\/\/ignacijevdom.si\/duhovnost\/ignacijanske-dv\/\" target=\"_blank\">duhovne vaje sv. Ignacija Lojolskega<\/a>, <a rel=\"noreferrer noopener\" aria-label=\" (opens in a new tab)\" href=\"https:\/\/ignacijevdom.si\/duhovnost\/duhovno-spremljanje\/\" target=\"_blank\">duhovno spremljanje<\/a> posameznika in skupine, <a rel=\"noreferrer noopener\" aria-label=\" (opens in a new tab)\" href=\"http:\/\/www.moli.si\/eksamen\/\" target=\"_blank\">molitveni pregled dneva<\/a> (<a href=\"https:\/\/ignacijevdom.si\/duhovnost\/eksamni-besedila-in-posnetki\/\">lahko se pustimo tudi voditi skozenj<\/a>), \u017eivljenje iz evharistije in Bo\u017eje besede. Na\u0161e delovanje je opisano v <a rel=\"noreferrer noopener\" aria-label=\" (opens in a new tab)\" href=\"http:\/\/sskz.rkc.si\/sskz_old\/index.php?option=com_content&amp;view=article&amp;id=2:atemeljnanacela&amp;catid=2:cdokumenti&amp;Itemid=3\" target=\"_blank\">temeljnih na\u010delih<\/a>, v katerih je opisana tudi na\u0161a <a href=\"http:\/\/sskz.rkc.si\/sskz\/wp-content\/uploads\/2020\/11\/Karizma-SK\u017d.doc\">karizma<\/a>. <\/p>\n\n\n\n<p>Jedro Skupnosti sestavljajo manj\u0161e skupine, ki si same\nizberejo svoj na\u010din \u017eivljenja in delovanja. Obi\u010dajno se sre\u010dujejo vsaj enkrat\nna mesec, sre\u010danja pa lahko vklju\u010dujejo pogovor o \u017eivljenju \u010dlanov, molitev,\npogovor ob Bo\u017eji besedi ali duhovnem branju, pogovor o verskih in \u017eivljenjskih\nvpra\u0161anjih, pomo\u010d pri sprejemanju osebnih odlo\u010ditev, na\u010drtovanje skupnega dela\nali posameznih nalog, ki si jih skupina izbere ipd. <\/p>\n\n\n\n<p>Na letni ravni organiziramo ve\u010d dogodkov, ki so odprti za\nprijatelje in druge ki jih zanima na\u0161a duhovnost:<\/p>\n\n\n\n<p>&#8211; vikend skupnosti (ob za\u010detku novega \u0161olskega leta),<\/p>\n\n\n\n<p>&#8211; postna in adventna duhovna obnova,<\/p>\n\n\n\n<p>&#8211; romanja (Velikono\u010dno romanje v Emavs po razli\u010dnih romarskih poteh; <a href=\"http:\/\/sskz.rkc.si\/sskz\/2021\/01\/05\/romanja-skupnosti-k-mariji\/\">romanje k Mariji v zahvalo in blagoslov ob koncu \u0161olskega leta<\/a> in ve\u010ddnevno romanje za mir pe\u0161 ali\/in s kolesi konec meseca julija ob godu sv. Ignacija) <\/p>\n\n\n\n<p>Pri pripravi in izvedbi duhovnih vikendov in duhovnih vaj,\nki so namenjene vsem, ki \u017eelijo \u00bbodriniti na globlje\u00ab, sodelujemo z jezuiti, ki\nso tudi duhovni spremljevalci posameznih skupin in Skupnosti kot celote. <\/p>\n\n\n\n<p>Mese\u010dno izdajamo glasilo Plameni, kjer si pripovedujemo o\nskupnih dogodkih in se spodbujamo, kako v vsakdanjem \u017eivljenju \u017eiveti svojo\nvero in \u017eivljenjsko poslanstvo. <\/p>\n","protected":false},"excerpt":{"rendered":"<p>Slovenska SK\u017d je del Svetovne SK\u017d s sede\u017eem v Rimu, ki deluje v \u0161tevilnih dr\u017eavah po svetu na vseh celinah. \u017divljenje iz ignacijanske duhovnosti sestavljajo sre\u010danja v stalnih manj\u0161ih skupinah, sre\u010danja celotne Skupnosti, duhovne vaje sv. Ignacija Lojolskega, duhovno spremljanje posameznika in skupine, molitveni pregled dneva (lahko se pustimo tudi voditi skozenj), \u017eivljenje iz evharistije &hellip; <a href=\"https:\/\/sskz.rkc.si\/sskz\/zivljenje-v-skupnosti\/\" class=\"more-link\">Continue reading <span class=\"screen-reader-text\">\u017divljenje v skupnosti<\/span><\/a><\/p>\n","protected":false},"author":1,"featured_media":0,"parent":0,"menu_order":0,"comment_status":"closed","ping_status":"closed","template":"","meta":[],"_links":{"self":[{"href":"https:\/\/sskz.rkc.si\/sskz\/wp-json\/wp\/v2\/pages\/528"}],"collection":[{"href":"https:\/\/sskz.rkc.si\/sskz\/wp-json\/wp\/v2\/pages"}],"about":[{"href":"https:\/\/sskz.rkc.si\/sskz\/wp-json\/wp\/v2\/types\/page"}],"author":[{"embeddable":true,"href":"https:\/\/sskz.rkc.si\/sskz\/wp-json\/wp\/v2\/users\/1"}],"replies":[{"embeddable":true,"href":"https:\/\/sskz.rkc.si\/sskz\/wp-json\/wp\/v2\/comments?post=528"}],"version-history":[{"count":7,"href":"https:\/\/sskz.rkc.si\/sskz\/wp-json\/wp\/v2\/pages\/528\/revisions"}],"predecessor-version":[{"id":1485,"href":"https:\/\/sskz.rkc.si\/sskz\/wp-json\/wp\/v2\/pages\/528\/revisions\/1485"}],"wp:attachment":[{"href":"https:\/\/sskz.rkc.si\/sskz\/wp-json\/wp\/v2\/media?parent=528"}],"curies":[{"name":"wp","href":"https:\/\/api.w.org\/{rel}","templated":true}]}}