{"id":214,"date":"2018-12-02T20:25:04","date_gmt":"2018-12-02T19:25:04","guid":{"rendered":"http:\/\/sskz.rkc.si\/sskz\/?page_id=214"},"modified":"2019-02-19T20:36:54","modified_gmt":"2019-02-19T19:36:54","slug":"duhovnost","status":"publish","type":"page","link":"https:\/\/sskz.rkc.si\/sskz\/duhovnost\/","title":{"rendered":"Duhovnost"},"content":{"rendered":"\n<p>\u010clani SK\u017d se naslanjamo na ignacijansko duhovnost, ki skozi zgodovino pomaga duhovnikom, redovnikom in laikom. Temelji na duhovnem izkustvu sv. Ignacija Lojolskega, ki je v 16. stoletju izbojeval duhovni boj za \u017eivljenje v sodelovanju z Bo\u017ejo ljubeznijo in svojo metodo povzel v knji\u017eici Duhovnih vaj. Je duhovnost za vsakdanje \u017eivljenje. Izvira iz prepri\u010danja, da je osebni Bog dejavno navzo\u010d v svetu in vsak trenutek na\u0161ega \u017eivljenja osebno skrbi za nas. Je pot za globljo molitev, dobre odlo\u010ditve, ki jih vodi razlo\u010devanje, in za dejavno \u017eivljenje v slu\u017eenju bli\u017enjim. Bog je tisti, ki osebno ra\u010duna name in me nenehno vabi, da postajam njegov sogovornik in odgovoren sodelavec pri tem, kar dela zame in za vsakega \u010dloveka. Poleg evharistije in osebne molitve je zna\u010dilno orodje za ignacijansko duhovnost <a rel=\"noreferrer noopener\" aria-label=\" (opens in a new tab)\" href=\"http:\/\/www.moli.si\/eksamen\/\" target=\"_blank\">eksamen,<\/a> ali ljube\u010d pogled na Bo\u017eje delovanje v dnevu in na moje sodelovanje z njim. Ignacijanska duhovnost je ena najbolj vplivnih in vseobsegajo\u010dih duhovnih pogledov na\u0161ega \u010dasa, ki je sad bogate zgodovine.\u00a0 <a href=\"https:\/\/ignacijevdom.si\/duhovnost\/ignacijanska-duhovnost\/\" target=\"_blank\" rel=\"noreferrer noopener\" aria-label=\" (opens in a new tab)\">Ve\u010d<\/a> <\/p>\n\n\n\n<p>Vsi duhovni u\u010ditelji so si edini: Bogu se ne moremo\npribli\u017eati zgolj s pojmi, z razumom in voljo, ampak kle\u010de, poni\u017eno in z\niskrenim iskanjem in sprejemanjem. Le preko osebnega&nbsp; izkustva zastonjske ljubezni, obdarovanosti\nin milosti. In prav v to globoko duhovno izkustvo nas morejo popeljati duhovne\nvaje. Omogo\u010dajo namre\u010d \u010das in prostor, da se nas more sam Bog dotakniti od\nznotraj, da za\u010dne on sam znotraj na\u0161ega duha v srcu osebno razodevati svojo\nnedosegljivo veli\u010dino, ljube\u010do bli\u017eino, nedoumljivo resni\u010dnost. Da nas od\nznotraj zajame njegov Duh, nas tola\u017ei, o\u010di\u0161\u010duje in preoblikuje.<\/p>\n\n\n\n<p><a href=\"https:\/\/ignacijevdom.si\/duhovnost\/ignacijanske-dv\/\" target=\"_blank\" rel=\"noreferrer noopener\" aria-label=\" (opens in a new tab)\">Duhovne vaje<\/a> so eden od temeljev na\u0161e duhovnosti. \u010clani se v \u010dasu DV (duhovnih vaj) u\u010dimo biti z Gospodom (biti v ti\u0161ini, kjer la\u017eje sli\u0161i\u0161 Gospodov glas, mu prisluhniti in odgovoriti na njegov klic Ljubezni). U\u010dimo se razlikovati razli\u010dne duhove, ki nas nagovarjajo (ni vsak glas Gospodov Glas) in se u\u010dimo slediti Njemu, ki je Ljubezen in \u017eeli, da smo tudi mi eno z njim v Ljubezni.<\/p>\n\n\n\n<p><em>Delno prirejeno po spletni strani <a href=\"https:\/\/ignacijevdom.si\/duhovnost\/ignacijanska-duhovnost\/\" target=\"_blank\" rel=\"noreferrer noopener\" aria-label=\" (opens in a new tab)\">Ignacijevega doma duhovnosti<\/a> in Ivan Platovnjak, \u00bbKdor je to do\u017eivel, se bo vedno vra\u010dal k Izviru\u00ab, Dru\u017eina 19. 2. 2012, \u0160t. 8, letnik 2012.<\/em><\/p>\n","protected":false},"excerpt":{"rendered":"<p>\u010clani SK\u017d se naslanjamo na ignacijansko duhovnost, ki skozi zgodovino pomaga duhovnikom, redovnikom in laikom. Temelji na duhovnem izkustvu sv. Ignacija Lojolskega, ki je v 16. stoletju izbojeval duhovni boj za \u017eivljenje v sodelovanju z Bo\u017ejo ljubeznijo in svojo metodo povzel v knji\u017eici Duhovnih vaj. Je duhovnost za vsakdanje \u017eivljenje. Izvira iz prepri\u010danja, da je &hellip; <a href=\"https:\/\/sskz.rkc.si\/sskz\/duhovnost\/\" class=\"more-link\">Continue reading <span class=\"screen-reader-text\">Duhovnost<\/span><\/a><\/p>\n","protected":false},"author":1,"featured_media":0,"parent":0,"menu_order":0,"comment_status":"closed","ping_status":"closed","template":"","meta":[],"_links":{"self":[{"href":"https:\/\/sskz.rkc.si\/sskz\/wp-json\/wp\/v2\/pages\/214"}],"collection":[{"href":"https:\/\/sskz.rkc.si\/sskz\/wp-json\/wp\/v2\/pages"}],"about":[{"href":"https:\/\/sskz.rkc.si\/sskz\/wp-json\/wp\/v2\/types\/page"}],"author":[{"embeddable":true,"href":"https:\/\/sskz.rkc.si\/sskz\/wp-json\/wp\/v2\/users\/1"}],"replies":[{"embeddable":true,"href":"https:\/\/sskz.rkc.si\/sskz\/wp-json\/wp\/v2\/comments?post=214"}],"version-history":[{"count":8,"href":"https:\/\/sskz.rkc.si\/sskz\/wp-json\/wp\/v2\/pages\/214\/revisions"}],"predecessor-version":[{"id":1060,"href":"https:\/\/sskz.rkc.si\/sskz\/wp-json\/wp\/v2\/pages\/214\/revisions\/1060"}],"wp:attachment":[{"href":"https:\/\/sskz.rkc.si\/sskz\/wp-json\/wp\/v2\/media?parent=214"}],"curies":[{"name":"wp","href":"https:\/\/api.w.org\/{rel}","templated":true}]}}