{"id":2,"date":"2018-11-06T17:05:15","date_gmt":"2018-11-06T16:05:15","guid":{"rendered":"http:\/\/sskz.rkc.si\/sskz\/?page_id=2"},"modified":"2020-06-15T08:51:17","modified_gmt":"2020-06-15T06:51:17","slug":"domov","status":"publish","type":"page","link":"https:\/\/sskz.rkc.si\/sskz\/","title":{"rendered":"Domov"},"content":{"rendered":"<div id=\"pl-2\"  class=\"panel-layout\" ><div id=\"pg-2-0\"  class=\"panel-grid panel-has-style\" ><div class=\"siteorigin-panels-stretch panel-row-style panel-row-style-for-2-0\" data-stretch-type=\"full\" ><div id=\"pgc-2-0-0\"  class=\"panel-grid-cell\" ><div id=\"panel-2-0-0-0\" class=\"so-panel widget widget_black-studio-tinymce widget_black_studio_tinymce panel-first-child panel-last-child\" data-index=\"0\" ><div class=\"panel-widget-style panel-widget-style-for-2-0-0-0\" ><div class=\"textwidget\"><p><span class=\"\" style=\"display:block;clear:both;height: 0px;padding-top: 25%;border-top-width:0px;border-bottom-width:0px;\"><\/span><\/p>\n<p style=\"text-align: right;\"><em><strong>Jaz sem kruh \u017eivljenja.<br \/>\nJn 6,48<\/strong><\/em><\/p>\n<p><span class=\"\" style=\"display:block;clear:both;height: 0px;padding-top: 5%;border-top-width:0px;border-bottom-width:0px;\"><\/span><\/p>\n<\/div><\/div><\/div><\/div><\/div><\/div><div id=\"pg-2-1\"  class=\"panel-grid panel-has-style\" ><div class=\"siteorigin-panels-stretch panel-row-style panel-row-style-for-2-1\" data-stretch-type=\"full\" ><div id=\"pgc-2-1-0\"  class=\"panel-grid-cell\" ><div id=\"panel-2-1-0-0\" class=\"so-panel widget widget_black-studio-tinymce widget_black_studio_tinymce panel-first-child panel-last-child\" data-index=\"1\" ><div class=\"textwidget\"><p><!--<em>Spo\u0161tovani obiskovalec spletnega mesta Slovenske skupnosti kr\u0161\u010danskega \u017eivljenja<\/em>--><\/p>\n<\/div><\/div><\/div><\/div><\/div><div id=\"pg-2-2\"  class=\"panel-grid panel-no-style\" ><div id=\"pgc-2-2-0\"  class=\"panel-grid-cell\" ><div id=\"panel-2-2-0-0\" class=\"so-panel widget widget_sow-post-carousel panel-first-child panel-last-child\" data-index=\"2\" ><div class=\"so-widget-sow-post-carousel so-widget-sow-post-carousel-default-186c00b47b3d-2\">\t<div class=\"sow-post-carousel-wrapper\" style=\"overflow: hidden; max-width: 100%;\">\n\t\t<div class=\"sow-carousel-title\">\n\t\t\t<div class=\"sow-carousel-navigation\">\n\t\t\t\t\t\t<a href=\"#\" class=\"sow-carousel-next\" title=\"Next\" aria-label=\"Next Posts\" role=\"button\"><\/a>\n\t\t\t\t\t\t<a href=\"#\" class=\"sow-carousel-previous\" title=\"Previous\" aria-label=\"Previous Posts\" role=\"button\"><\/a>\n\t\t\t\t\t<\/div>\n\t<\/div>\n\n<div class=\"sow-carousel-container \">\n\t\t<div class=\"sow-carousel-wrapper\"\n\t     data-dir=\"ltr\"\n\t     data-widget=\"post\" data-fetching=\"false\" data-page=\"1\" data-ajax-url=\"https:\/\/sskz.rkc.si\/sskz\/wp-admin\/admin-ajax.php?_widgets_nonce=06d58703b4\" data-item_count=\"95\" data-carousel_settings=\"{&quot;loop&quot;:true,&quot;item_overflow&quot;:true}\" data-responsive=\"{&quot;desktop_slides_to_scroll&quot;:1,&quot;tablet_landscape_breakpoint&quot;:1366,&quot;tablet_landscape_slides_to_scroll&quot;:2,&quot;tablet_portrait_breakpoint&quot;:1025,&quot;tablet_portrait_slides_to_scroll&quot;:2,&quot;mobile_breakpoint&quot;:480,&quot;mobile_slides_to_scroll&quot;:1}\" data-variable_width=\"true\" \t>\n\t\t<div\n\t\t\tclass=\"sow-carousel-items\"\n\t\t\tstyle=\"width: 200vw; opacity: 0;\"\t\t>\n\t\t\t\t<div class=\"sow-carousel-item\" tabindex=\"-1\" style=\"float: left;\">\n\t\t<div class=\"sow-carousel-thumbnail\">\n\t\t\t\t\t\t\t<a\n\t\t\t\thref=\"https:\/\/sskz.rkc.si\/sskz\/2022\/06\/07\/romanje-k-mariji\/\"\n\t\t\t\t\t\t\t\t\t\tstyle=\"background-image: url( https:\/\/sskz.rkc.si\/sskz\/wp-content\/uploads\/2022\/06\/artikel_25_209-272x182.jpg )\"\n\t\t\t\t\taria-labelledby=\"sow-carousel-id-1762\"\n\t\t\t\t\ttabindex=\"-1\"\n\t\t\t\t>\n\t\t\t\t\t<span class=\"overlay\"><\/span>\n\t\t\t\t<\/a>\n\t\t\t\t\t<\/div>\n\t\t<h3 class=\"sow-carousel-item-title\">\n\t\t\t<a\n\t\t\t\thref=\"https:\/\/sskz.rkc.si\/sskz\/2022\/06\/07\/romanje-k-mariji\/\"\n\t\t\t\tid=\"sow-carousel-id-1762\"\n\t\t\t\t\t\t\t\ttabindex=\"-1\"\n\t\t\t>\n\n\t\t\t\tRomanje k Mariji\t\t\t<\/a>\n\t\t<\/h3>\n\t<\/div>\n\t<div class=\"sow-carousel-item\" tabindex=\"-1\" style=\"float: left;\">\n\t\t<div class=\"sow-carousel-thumbnail\">\n\t\t\t\t\t\t\t<a\n\t\t\t\thref=\"https:\/\/sskz.rkc.si\/sskz\/2022\/05\/20\/molitev-za-mlade\/\"\n\t\t\t\t\t\t\t\t\t\tstyle=\"background-image: url( https:\/\/sskz.rkc.si\/sskz\/wp-content\/uploads\/2022\/05\/Youth-CLC-prayer-june-272x182.png )\"\n\t\t\t\t\taria-labelledby=\"sow-carousel-id-1759\"\n\t\t\t\t\ttabindex=\"-1\"\n\t\t\t\t>\n\t\t\t\t\t<span class=\"overlay\"><\/span>\n\t\t\t\t<\/a>\n\t\t\t\t\t<\/div>\n\t\t<h3 class=\"sow-carousel-item-title\">\n\t\t\t<a\n\t\t\t\thref=\"https:\/\/sskz.rkc.si\/sskz\/2022\/05\/20\/molitev-za-mlade\/\"\n\t\t\t\tid=\"sow-carousel-id-1759\"\n\t\t\t\t\t\t\t\ttabindex=\"-1\"\n\t\t\t>\n\n\t\t\t\tMolitev za mlade\t\t\t<\/a>\n\t\t<\/h3>\n\t<\/div>\n\t<div class=\"sow-carousel-item\" tabindex=\"-1\" style=\"float: left;\">\n\t\t<div class=\"sow-carousel-thumbnail\">\n\t\t\t\t\t\t\t<a\n\t\t\t\thref=\"https:\/\/sskz.rkc.si\/sskz\/2022\/05\/04\/vabilo-na-sinodalni-dan-skz-15-5-2022\/\"\n\t\t\t\t\t\t\t\t\t\tstyle=\"background-image: url( https:\/\/sskz.rkc.si\/sskz\/wp-content\/uploads\/2022\/05\/Sinoda-logo-SLO-600x536-1-272x182.png )\"\n\t\t\t\t\taria-labelledby=\"sow-carousel-id-1749\"\n\t\t\t\t\ttabindex=\"-1\"\n\t\t\t\t>\n\t\t\t\t\t<span class=\"overlay\"><\/span>\n\t\t\t\t<\/a>\n\t\t\t\t\t<\/div>\n\t\t<h3 class=\"sow-carousel-item-title\">\n\t\t\t<a\n\t\t\t\thref=\"https:\/\/sskz.rkc.si\/sskz\/2022\/05\/04\/vabilo-na-sinodalni-dan-skz-15-5-2022\/\"\n\t\t\t\tid=\"sow-carousel-id-1749\"\n\t\t\t\t\t\t\t\ttabindex=\"-1\"\n\t\t\t>\n\n\t\t\t\tVabilo na sinodalni dan SK\u017d, 15. 5. 2022\t\t\t<\/a>\n\t\t<\/h3>\n\t<\/div>\n\t<div class=\"sow-carousel-item\" tabindex=\"-1\" style=\"float: left;\">\n\t\t<div class=\"sow-carousel-thumbnail\">\n\t\t\t\t\t\t\t<a\n\t\t\t\thref=\"https:\/\/sskz.rkc.si\/sskz\/2022\/04\/15\/vabilo-na-velikonocno-romanje\/\"\n\t\t\t\t\t\t\t\t\t\tstyle=\"background-image: url( https:\/\/sskz.rkc.si\/sskz\/wp-content\/uploads\/2022\/04\/vabilo-272x182.jpg )\"\n\t\t\t\t\taria-labelledby=\"sow-carousel-id-1745\"\n\t\t\t\t\ttabindex=\"-1\"\n\t\t\t\t>\n\t\t\t\t\t<span class=\"overlay\"><\/span>\n\t\t\t\t<\/a>\n\t\t\t\t\t<\/div>\n\t\t<h3 class=\"sow-carousel-item-title\">\n\t\t\t<a\n\t\t\t\thref=\"https:\/\/sskz.rkc.si\/sskz\/2022\/04\/15\/vabilo-na-velikonocno-romanje\/\"\n\t\t\t\tid=\"sow-carousel-id-1745\"\n\t\t\t\t\t\t\t\ttabindex=\"-1\"\n\t\t\t>\n\n\t\t\t\tVabilo na Velikono\u010dno romanje\t\t\t<\/a>\n\t\t<\/h3>\n\t<\/div>\n\t<div class=\"sow-carousel-item\" tabindex=\"-1\" style=\"float: left;\">\n\t\t<div class=\"sow-carousel-thumbnail\">\n\t\t\t\t\t\t\t<a\n\t\t\t\thref=\"https:\/\/sskz.rkc.si\/sskz\/2022\/03\/29\/romanje-za-mir-2022\/\"\n\t\t\t\t\t\t\t\t\t\tstyle=\"background-image: url( https:\/\/sskz.rkc.si\/sskz\/wp-content\/uploads\/2022\/03\/36927684_303-272x182.jpg )\"\n\t\t\t\t\taria-labelledby=\"sow-carousel-id-1741\"\n\t\t\t\t\ttabindex=\"-1\"\n\t\t\t\t>\n\t\t\t\t\t<span class=\"overlay\"><\/span>\n\t\t\t\t<\/a>\n\t\t\t\t\t<\/div>\n\t\t<h3 class=\"sow-carousel-item-title\">\n\t\t\t<a\n\t\t\t\thref=\"https:\/\/sskz.rkc.si\/sskz\/2022\/03\/29\/romanje-za-mir-2022\/\"\n\t\t\t\tid=\"sow-carousel-id-1741\"\n\t\t\t\t\t\t\t\ttabindex=\"-1\"\n\t\t\t>\n\n\t\t\t\tRomanje za mir 2022\t\t\t<\/a>\n\t\t<\/h3>\n\t<\/div>\n\t<div class=\"sow-carousel-item\" tabindex=\"-1\" style=\"float: left;\">\n\t\t<div class=\"sow-carousel-thumbnail\">\n\t\t\t\t\t\t\t<a\n\t\t\t\thref=\"https:\/\/sskz.rkc.si\/sskz\/2022\/02\/25\/molitev-za-mir-v-ukrajini\/\"\n\t\t\t\t\t\t\t\t\t\tstyle=\"background-image: url( https:\/\/sskz.rkc.si\/sskz\/wp-content\/uploads\/2022\/02\/flag-ukraine-face-praying-girl-260nw-2127649586-272x182.jpg )\"\n\t\t\t\t\taria-labelledby=\"sow-carousel-id-1735\"\n\t\t\t\t\ttabindex=\"-1\"\n\t\t\t\t>\n\t\t\t\t\t<span class=\"overlay\"><\/span>\n\t\t\t\t<\/a>\n\t\t\t\t\t<\/div>\n\t\t<h3 class=\"sow-carousel-item-title\">\n\t\t\t<a\n\t\t\t\thref=\"https:\/\/sskz.rkc.si\/sskz\/2022\/02\/25\/molitev-za-mir-v-ukrajini\/\"\n\t\t\t\tid=\"sow-carousel-id-1735\"\n\t\t\t\t\t\t\t\ttabindex=\"-1\"\n\t\t\t>\n\n\t\t\t\tMolitev za mir v Ukrajini\t\t\t<\/a>\n\t\t<\/h3>\n\t<\/div>\n\t<div class=\"sow-carousel-item\" tabindex=\"-1\" style=\"float: left;\">\n\t\t<div class=\"sow-carousel-thumbnail\">\n\t\t\t\t\t\t\t<a\n\t\t\t\thref=\"https:\/\/sskz.rkc.si\/sskz\/2022\/02\/25\/beseda-asistenta-poklicani-k-treznosti\/\"\n\t\t\t\t\t\t\t\t\t\tstyle=\"background-image: url( https:\/\/sskz.rkc.si\/sskz\/wp-content\/uploads\/2022\/02\/web3-bread-water-lent-fasting-shutterstock-272x182.jpg )\"\n\t\t\t\t\taria-labelledby=\"sow-carousel-id-1732\"\n\t\t\t\t\ttabindex=\"-1\"\n\t\t\t\t>\n\t\t\t\t\t<span class=\"overlay\"><\/span>\n\t\t\t\t<\/a>\n\t\t\t\t\t<\/div>\n\t\t<h3 class=\"sow-carousel-item-title\">\n\t\t\t<a\n\t\t\t\thref=\"https:\/\/sskz.rkc.si\/sskz\/2022\/02\/25\/beseda-asistenta-poklicani-k-treznosti\/\"\n\t\t\t\tid=\"sow-carousel-id-1732\"\n\t\t\t\t\t\t\t\ttabindex=\"-1\"\n\t\t\t>\n\n\t\t\t\tBeseda asistenta: Poklicani k treznosti\t\t\t<\/a>\n\t\t<\/h3>\n\t<\/div>\n\t<div class=\"sow-carousel-item\" tabindex=\"-1\" style=\"float: left;\">\n\t\t<div class=\"sow-carousel-thumbnail\">\n\t\t\t\t\t\t\t<a\n\t\t\t\thref=\"https:\/\/sskz.rkc.si\/sskz\/2022\/02\/18\/postne-duhovne-vaje-v-vsakdanjem-zivljenju\/\"\n\t\t\t\t\t\t\t\t\t\tstyle=\"background-image: url( https:\/\/sskz.rkc.si\/sskz\/wp-content\/uploads\/2022\/02\/Kruh-Pixabay-272x182.jpg )\"\n\t\t\t\t\taria-labelledby=\"sow-carousel-id-1725\"\n\t\t\t\t\ttabindex=\"-1\"\n\t\t\t\t>\n\t\t\t\t\t<span class=\"overlay\"><\/span>\n\t\t\t\t<\/a>\n\t\t\t\t\t<\/div>\n\t\t<h3 class=\"sow-carousel-item-title\">\n\t\t\t<a\n\t\t\t\thref=\"https:\/\/sskz.rkc.si\/sskz\/2022\/02\/18\/postne-duhovne-vaje-v-vsakdanjem-zivljenju\/\"\n\t\t\t\tid=\"sow-carousel-id-1725\"\n\t\t\t\t\t\t\t\ttabindex=\"-1\"\n\t\t\t>\n\n\t\t\t\tPostne duhovne vaje v vsakdanjem \u017eivljenju\t\t\t<\/a>\n\t\t<\/h3>\n\t<\/div>\n\t<div class=\"sow-carousel-item\" tabindex=\"-1\" style=\"float: left;\">\n\t\t<div class=\"sow-carousel-thumbnail\">\n\t\t\t\t\t\t\t<a\n\t\t\t\thref=\"https:\/\/sskz.rkc.si\/sskz\/2022\/02\/14\/skz-v-evropi\/\"\n\t\t\t\t\t\t\t\t\t\tstyle=\"background-image: url( https:\/\/sskz.rkc.si\/sskz\/wp-content\/uploads\/2022\/02\/Europe_map-272x182.png )\"\n\t\t\t\t\taria-labelledby=\"sow-carousel-id-1719\"\n\t\t\t\t\ttabindex=\"-1\"\n\t\t\t\t>\n\t\t\t\t\t<span class=\"overlay\"><\/span>\n\t\t\t\t<\/a>\n\t\t\t\t\t<\/div>\n\t\t<h3 class=\"sow-carousel-item-title\">\n\t\t\t<a\n\t\t\t\thref=\"https:\/\/sskz.rkc.si\/sskz\/2022\/02\/14\/skz-v-evropi\/\"\n\t\t\t\tid=\"sow-carousel-id-1719\"\n\t\t\t\t\t\t\t\ttabindex=\"-1\"\n\t\t\t>\n\n\t\t\t\tSK\u017d v Evropi\t\t\t<\/a>\n\t\t<\/h3>\n\t<\/div>\n\t<div class=\"sow-carousel-item\" tabindex=\"-1\" style=\"float: left;\">\n\t\t<div class=\"sow-carousel-thumbnail\">\n\t\t\t\t\t\t\t<a\n\t\t\t\thref=\"https:\/\/sskz.rkc.si\/sskz\/2022\/02\/09\/masa-skupnosti-2\/\"\n\t\t\t\t\t\t\t\t\t\tstyle=\"background-image: url( https:\/\/sskz.rkc.si\/sskz\/wp-content\/uploads\/2021\/10\/web3-priest-host-bless-communion-eucharist-shutterstock_1008001906-272x182.jpg )\"\n\t\t\t\t\taria-labelledby=\"sow-carousel-id-1713\"\n\t\t\t\t\ttabindex=\"-1\"\n\t\t\t\t>\n\t\t\t\t\t<span class=\"overlay\"><\/span>\n\t\t\t\t<\/a>\n\t\t\t\t\t<\/div>\n\t\t<h3 class=\"sow-carousel-item-title\">\n\t\t\t<a\n\t\t\t\thref=\"https:\/\/sskz.rkc.si\/sskz\/2022\/02\/09\/masa-skupnosti-2\/\"\n\t\t\t\tid=\"sow-carousel-id-1713\"\n\t\t\t\t\t\t\t\ttabindex=\"-1\"\n\t\t\t>\n\n\t\t\t\tMa\u0161a skupnosti\t\t\t<\/a>\n\t\t<\/h3>\n\t<\/div>\n\t\t<\/div>\n\t<\/div>\n\n\t<\/div>\n\t\t<input type=\"hidden\" name=\"instance_hash\" value=\"f8ce00df\"\/>\n\t<\/div>\n<\/div><\/div><\/div><\/div><\/div>","protected":false},"excerpt":{"rendered":"<p>Jaz sem kruh \u017eivljenja. Jn 6,48<\/p>\n","protected":false},"author":1,"featured_media":0,"parent":0,"menu_order":0,"comment_status":"closed","ping_status":"open","template":"","meta":[],"_links":{"self":[{"href":"https:\/\/sskz.rkc.si\/sskz\/wp-json\/wp\/v2\/pages\/2"}],"collection":[{"href":"https:\/\/sskz.rkc.si\/sskz\/wp-json\/wp\/v2\/pages"}],"about":[{"href":"https:\/\/sskz.rkc.si\/sskz\/wp-json\/wp\/v2\/types\/page"}],"author":[{"embeddable":true,"href":"https:\/\/sskz.rkc.si\/sskz\/wp-json\/wp\/v2\/users\/1"}],"replies":[{"embeddable":true,"href":"https:\/\/sskz.rkc.si\/sskz\/wp-json\/wp\/v2\/comments?post=2"}],"version-history":[{"count":222,"href":"https:\/\/sskz.rkc.si\/sskz\/wp-json\/wp\/v2\/pages\/2\/revisions"}],"predecessor-version":[{"id":1408,"href":"https:\/\/sskz.rkc.si\/sskz\/wp-json\/wp\/v2\/pages\/2\/revisions\/1408"}],"wp:attachment":[{"href":"https:\/\/sskz.rkc.si\/sskz\/wp-json\/wp\/v2\/media?parent=2"}],"curies":[{"name":"wp","href":"https:\/\/api.w.org\/{rel}","templated":true}]}}