{"id":183,"date":"2018-11-06T21:35:28","date_gmt":"2018-11-06T21:35:28","guid":{"rendered":"http:\/\/sskz.rkc.si\/sskz\/?page_id=183"},"modified":"2021-06-18T12:03:28","modified_gmt":"2021-06-18T10:03:28","slug":"kdo-smo","status":"publish","type":"page","link":"https:\/\/sskz.rkc.si\/sskz\/kdo-smo\/","title":{"rendered":"Kdo smo"},"content":{"rendered":"\n<p>Slovenska skupnost kr\u0161\u010danskega \u017eivljenja (SSK\u017d) je skupnost kristjanov, ki sku\u0161amo v vsakdanjem \u017eivljenju \u017eiveti svojo vero, odgovarjati na potrebe Cerkve in se ji dati na razpolago za njeno poslanstvo. \u017divimo iz duhovnosti svetega Ignacija Lojolskega, ki posamezniku pomaga, da odkrije svojo \u017eivljenjsko poklicanost in poslanstvo. To je skupnost laikov, ki \u017eivijo in delujejo v \u0161tevilnih dr\u017eavah sveta pod okriljem Svetovne skupnosti kr\u0161\u010danskega \u017eivljenja.<\/p>\n\n\n\n<p>Gre za skupnost v Cerkvi, preko katere \u017eivimo tako svojo osebno poklicanost kot poklicanost skupin, v katere smo organizirani. To nam pomaga, da preko duhovni vaj, osebnega duhovnega spremljanja in ob\u010destvenega \u017eivljenja poglabljamo svojo osebno izku\u0161njo vere in iz nje \u017eivimo.<\/p>\n\n\n\n<p>Odsek iz Temeljnih na\u010del SK\u017d:<\/p>\n\n\n\n<p><em>Na\u0161o Skupnost sestavljajo kristjani: mo\u017eje in \u017eene, odrasli in mladi, ljudje iz vseh dru\u017ebenih okolij, ki ho\u010dejo bolj od blizu slediti Jezusu Kristusu in delati z njim za rast bo\u017ejega kraljestva in ki so prepoznali Skupnost kr\u0161\u010danskega \u017eivljenja kot svojo posebno poklicanost v Cerkvi. Radi bi postali zavzeti kristjani, pri\u010devalci tistih splo\u0161nih \u010dlove\u0161kih in evangeljskih vrednot v Cerkvi in dru\u017ebi, ki zadevajo dostojanstvo osebe, dobro dru\u017eine in ohranitev stvarstva. Posebno se zavedamo kri\u010de\u010de potrebe dela za pravi\u010dnost, ki se ka\u017ee v prednostni izbiri ubogih in v preprostem na\u010dinu \u017eivljenja, kar izra\u017ea na\u0161o svobodo in solidarnost z njimi.<\/em><\/p>\n\n\n\n<p><\/p>\n\n\n\n<p><\/p>\n","protected":false},"excerpt":{"rendered":"<p>Slovenska skupnost kr\u0161\u010danskega \u017eivljenja (SSK\u017d) je skupnost kristjanov, ki sku\u0161amo v vsakdanjem \u017eivljenju \u017eiveti svojo vero, odgovarjati na potrebe Cerkve in se ji dati na razpolago za njeno poslanstvo. \u017divimo iz duhovnosti svetega Ignacija Lojolskega, ki posamezniku pomaga, da odkrije svojo \u017eivljenjsko poklicanost in poslanstvo. To je skupnost laikov, ki \u017eivijo in delujejo v \u0161tevilnih &hellip; <a href=\"https:\/\/sskz.rkc.si\/sskz\/kdo-smo\/\" class=\"more-link\">Continue reading <span class=\"screen-reader-text\">Kdo smo<\/span><\/a><\/p>\n","protected":false},"author":1,"featured_media":0,"parent":0,"menu_order":0,"comment_status":"closed","ping_status":"closed","template":"","meta":[],"_links":{"self":[{"href":"https:\/\/sskz.rkc.si\/sskz\/wp-json\/wp\/v2\/pages\/183"}],"collection":[{"href":"https:\/\/sskz.rkc.si\/sskz\/wp-json\/wp\/v2\/pages"}],"about":[{"href":"https:\/\/sskz.rkc.si\/sskz\/wp-json\/wp\/v2\/types\/page"}],"author":[{"embeddable":true,"href":"https:\/\/sskz.rkc.si\/sskz\/wp-json\/wp\/v2\/users\/1"}],"replies":[{"embeddable":true,"href":"https:\/\/sskz.rkc.si\/sskz\/wp-json\/wp\/v2\/comments?post=183"}],"version-history":[{"count":12,"href":"https:\/\/sskz.rkc.si\/sskz\/wp-json\/wp\/v2\/pages\/183\/revisions"}],"predecessor-version":[{"id":1534,"href":"https:\/\/sskz.rkc.si\/sskz\/wp-json\/wp\/v2\/pages\/183\/revisions\/1534"}],"wp:attachment":[{"href":"https:\/\/sskz.rkc.si\/sskz\/wp-json\/wp\/v2\/media?parent=183"}],"curies":[{"name":"wp","href":"https:\/\/api.w.org\/{rel}","templated":true}]}}