{"id":1642,"date":"2021-12-08T15:00:40","date_gmt":"2021-12-08T14:00:40","guid":{"rendered":"http:\/\/sskz.rkc.si\/sskz\/?page_id=1642"},"modified":"2022-02-24T13:12:07","modified_gmt":"2022-02-24T12:12:07","slug":"sinoda-v-skz","status":"publish","type":"page","link":"https:\/\/sskz.rkc.si\/sskz\/domov\/sinoda\/sinoda-v-skz\/","title":{"rendered":"Sinoda v SK\u017d"},"content":{"rendered":"\n<p>V sinodalni proces se je vklju\u010dila tudi Slovenska skupnost kr\u0161\u010danskega \u017eivljenja. Vodstvo je vse skupine najprej povabilo, da se pridru\u017eijo temu procesu (povezava na <a href=\"http:\/\/sskz.rkc.si\/sskz\/wp-content\/uploads\/2021\/12\/211125-Pismo-koordinatorjem-in-clanom-skupin-sinoda.docx\">vabilo skupinam<\/a>), sedaj pa nadaljuje z navodili za nadaljevanje sinodalnega procesa po skupinah (<a href=\"http:\/\/sskz.rkc.si\/sskz\/wp-content\/uploads\/2022\/01\/220120-Pismo-koordinatorjem-in-clanom-skupin-sinoda-koncna-verzija.docx\">Pismo koordinatorjem\u00a0in \u010dlanom skupin o nadaljevanju sinodalnega procesa<\/a>).<\/p>\n\n\n\n<p><\/p>\n\n\n\n<p>Sinodi je bila posve\u010dena adventna duhovna obnova 2021, na kateri so \u010dlani ob Bo\u017eji besedi o sre\u010danju apostola Petra in rimskega stotnika Kornelija premi\u0161ljevali o sinodi in sinodalnosti (povezavi na <a href=\"http:\/\/sskz.rkc.si\/sskz\/wp-content\/uploads\/2021\/12\/211210-Vabilo-na-adventno-duhovno-obnovo.docx\">vabilo na obnovo<\/a> in <a href=\"http:\/\/sskz.rkc.si\/sskz\/2021\/12\/15\/adventna-duhovna-obnova-2021\/\">utrinek po obnovi<\/a>).<\/p>\n\n\n\n<p><\/p>\n\n\n\n<p>V tem \u010dasu so \u017ee nastala prva pri\u010devanja \u010dlanov in njihova videnja sinode: <\/p>\n\n\n\n<ul><li><a href=\"http:\/\/sskz.rkc.si\/sskz\/wp-content\/uploads\/2021\/12\/Kratko-pricevanje-SINODA-1.docx\">Sinoda \u2013 kratko pri\u010devanje, kot znano v neznanem, Jovan Lukovac<\/a><\/li><\/ul>\n\n\n\n<p><\/p>\n\n\n\n<p><\/p>\n","protected":false},"excerpt":{"rendered":"<p>V sinodalni proces se je vklju\u010dila tudi Slovenska skupnost kr\u0161\u010danskega \u017eivljenja. Vodstvo je vse skupine najprej povabilo, da se pridru\u017eijo temu procesu (povezava na vabilo skupinam), sedaj pa nadaljuje z navodili za nadaljevanje sinodalnega procesa po skupinah (Pismo koordinatorjem\u00a0in \u010dlanom skupin o nadaljevanju sinodalnega procesa). Sinodi je bila posve\u010dena adventna duhovna obnova 2021, na kateri &hellip; <a href=\"https:\/\/sskz.rkc.si\/sskz\/domov\/sinoda\/sinoda-v-skz\/\" class=\"more-link\">Continue reading <span class=\"screen-reader-text\">Sinoda v SK\u017d<\/span><\/a><\/p>\n","protected":false},"author":1,"featured_media":0,"parent":1581,"menu_order":0,"comment_status":"open","ping_status":"closed","template":"","meta":[],"_links":{"self":[{"href":"https:\/\/sskz.rkc.si\/sskz\/wp-json\/wp\/v2\/pages\/1642"}],"collection":[{"href":"https:\/\/sskz.rkc.si\/sskz\/wp-json\/wp\/v2\/pages"}],"about":[{"href":"https:\/\/sskz.rkc.si\/sskz\/wp-json\/wp\/v2\/types\/page"}],"author":[{"embeddable":true,"href":"https:\/\/sskz.rkc.si\/sskz\/wp-json\/wp\/v2\/users\/1"}],"replies":[{"embeddable":true,"href":"https:\/\/sskz.rkc.si\/sskz\/wp-json\/wp\/v2\/comments?post=1642"}],"version-history":[{"count":10,"href":"https:\/\/sskz.rkc.si\/sskz\/wp-json\/wp\/v2\/pages\/1642\/revisions"}],"predecessor-version":[{"id":1731,"href":"https:\/\/sskz.rkc.si\/sskz\/wp-json\/wp\/v2\/pages\/1642\/revisions\/1731"}],"up":[{"embeddable":true,"href":"https:\/\/sskz.rkc.si\/sskz\/wp-json\/wp\/v2\/pages\/1581"}],"wp:attachment":[{"href":"https:\/\/sskz.rkc.si\/sskz\/wp-json\/wp\/v2\/media?parent=1642"}],"curies":[{"name":"wp","href":"https:\/\/api.w.org\/{rel}","templated":true}]}}