{"id":127,"date":"2018-11-06T20:23:04","date_gmt":"2018-11-06T19:23:04","guid":{"rendered":"http:\/\/sskz.rkc.si\/sskz\/?page_id=127"},"modified":"2019-07-12T11:25:07","modified_gmt":"2019-07-12T09:25:07","slug":"novice","status":"publish","type":"page","link":"https:\/\/sskz.rkc.si\/sskz\/novice\/","title":{"rendered":"Novice"},"content":{"rendered":"<div class=\"pt-cv-wrapper\"><div class=\"pt-cv-view pt-cv-grid pt-cv-colsys\" id=\"pt-cv-view-66c7795kfd\"><div data-id=\"pt-cv-page-1\" class=\"pt-cv-page\" data-cvc=\"1\"><div class=\"col-md-12 col-sm-12 col-xs-12 pt-cv-content-item pt-cv-1-col\" ><div class='pt-cv-ifield'><a href=\"https:\/\/sskz.rkc.si\/sskz\/2022\/06\/07\/romanje-k-mariji\/\" class=\"_self pt-cv-href-thumbnail pt-cv-thumb-default\" target=\"_self\" ><img width=\"300\" height=\"225\" src=\"https:\/\/sskz.rkc.si\/sskz\/wp-content\/uploads\/2022\/06\/artikel_25_209-300x225.jpg\" class=\"pt-cv-thumbnail\" alt=\"\" loading=\"lazy\" srcset=\"https:\/\/sskz.rkc.si\/sskz\/wp-content\/uploads\/2022\/06\/artikel_25_209-300x225.jpg 300w, https:\/\/sskz.rkc.si\/sskz\/wp-content\/uploads\/2022\/06\/artikel_25_209.jpg 516w\" sizes=\"(max-width: 300px) 100vw, 300px\" \/><\/a>\n<h4 class=\"pt-cv-title\"><a href=\"https:\/\/sskz.rkc.si\/sskz\/2022\/06\/07\/romanje-k-mariji\/\" class=\"_self\" target=\"_self\" >Romanje k Mariji<\/a><\/h4>\n<div class=\"pt-cv-content\">Kure\u0161\u010dek velja za eno najlep\u0161ih slovenskih romarskih poti, ampak \u010de ga obi\u0161\u010demo skupaj s prijatelji, ki imajo radi Marijo, je to lahko nepozabno romanje. Prilo\u017enost, da vse to skupaj do\u017eivimo, ...<br \/><a href=\"https:\/\/sskz.rkc.si\/sskz\/2022\/06\/07\/romanje-k-mariji\/\" class=\"_self pt-cv-readmore btn btn-success\" target=\"_self\">Preberi Ve\u010d<\/a><\/div>\n<div class=\"pt-cv-meta-fields\"><span class=\"entry-date\"> <time datetime=\"2022-06-07T15:26:33+02:00\">7. junija, 2022<\/time><\/span> \/ <span class=\"terms\"> <a href='https:\/\/sskz.rkc.si\/sskz\/category\/novice\/' title='Novice' class='pt-cv-tax-novice'>Novice<\/a><\/span><\/div><\/div><\/div>\n<div class=\"col-md-12 col-sm-12 col-xs-12 pt-cv-content-item pt-cv-1-col\" ><div class='pt-cv-ifield'><a href=\"https:\/\/sskz.rkc.si\/sskz\/2022\/05\/20\/molitev-za-mlade\/\" class=\"_self pt-cv-href-thumbnail pt-cv-thumb-default\" target=\"_self\" ><img width=\"300\" height=\"300\" src=\"https:\/\/sskz.rkc.si\/sskz\/wp-content\/uploads\/2022\/05\/Youth-CLC-prayer-june-300x300.png\" class=\"pt-cv-thumbnail\" alt=\"\" loading=\"lazy\" srcset=\"https:\/\/sskz.rkc.si\/sskz\/wp-content\/uploads\/2022\/05\/Youth-CLC-prayer-june-300x300.png 300w, https:\/\/sskz.rkc.si\/sskz\/wp-content\/uploads\/2022\/05\/Youth-CLC-prayer-june-150x150.png 150w, https:\/\/sskz.rkc.si\/sskz\/wp-content\/uploads\/2022\/05\/Youth-CLC-prayer-june-768x768.png 768w, https:\/\/sskz.rkc.si\/sskz\/wp-content\/uploads\/2022\/05\/Youth-CLC-prayer-june-685x685.png 685w, https:\/\/sskz.rkc.si\/sskz\/wp-content\/uploads\/2022\/05\/Youth-CLC-prayer-june-100x100.png 100w, https:\/\/sskz.rkc.si\/sskz\/wp-content\/uploads\/2022\/05\/Youth-CLC-prayer-june.png 800w\" sizes=\"(max-width: 300px) 100vw, 300px\" \/><\/a>\n<h4 class=\"pt-cv-title\"><a href=\"https:\/\/sskz.rkc.si\/sskz\/2022\/05\/20\/molitev-za-mlade\/\" class=\"_self\" target=\"_self\" >Molitev za mlade<\/a><\/h4>\n<div class=\"pt-cv-content\">V okviru akcij za sre\u010danja mladih SK\u017d v Loyoli bo 18. junija organizirana skupna molitev za mlade SK\u017d v Evropi.\u00a0 Molitev je namenjena krepitvi vezi med mladinskimi SK\u017d v regiji ...<br \/><a href=\"https:\/\/sskz.rkc.si\/sskz\/2022\/05\/20\/molitev-za-mlade\/\" class=\"_self pt-cv-readmore btn btn-success\" target=\"_self\">Preberi Ve\u010d<\/a><\/div>\n<div class=\"pt-cv-meta-fields\"><span class=\"entry-date\"> <time datetime=\"2022-05-20T17:52:35+02:00\">20. maja, 2022<\/time><\/span> \/ <span class=\"terms\"> <a href='https:\/\/sskz.rkc.si\/sskz\/category\/novice\/' title='Novice' class='pt-cv-tax-novice'>Novice<\/a><\/span><\/div><\/div><\/div>\n<div class=\"col-md-12 col-sm-12 col-xs-12 pt-cv-content-item pt-cv-1-col\" ><div class='pt-cv-ifield'><a href=\"https:\/\/sskz.rkc.si\/sskz\/2022\/05\/04\/vabilo-na-sinodalni-dan-skz-15-5-2022\/\" class=\"_self pt-cv-href-thumbnail pt-cv-thumb-default\" target=\"_self\" ><img width=\"300\" height=\"268\" src=\"https:\/\/sskz.rkc.si\/sskz\/wp-content\/uploads\/2022\/05\/Sinoda-logo-SLO-600x536-1-300x268.png\" class=\"pt-cv-thumbnail\" alt=\"\" loading=\"lazy\" srcset=\"https:\/\/sskz.rkc.si\/sskz\/wp-content\/uploads\/2022\/05\/Sinoda-logo-SLO-600x536-1-300x268.png 300w, https:\/\/sskz.rkc.si\/sskz\/wp-content\/uploads\/2022\/05\/Sinoda-logo-SLO-600x536-1.png 600w\" sizes=\"(max-width: 300px) 100vw, 300px\" \/><\/a>\n<h4 class=\"pt-cv-title\"><a href=\"https:\/\/sskz.rkc.si\/sskz\/2022\/05\/04\/vabilo-na-sinodalni-dan-skz-15-5-2022\/\" class=\"_self\" target=\"_self\" >Vabilo na sinodalni dan SK\u017d, 15. 5. 2022<\/a><\/h4>\n<div class=\"pt-cv-content\">Dragi \u010dlani in prijatelji SK\u017d! V nedeljo, 15. maja 2022, vas vabimo v Pastoralni dom sv. Jo\u017eefa v Preski (Pre\u0161ka cesta 33, 1215 Medvode) na prazni\u010dno sre\u010danje ob uradnem zaklju\u010dku ...<br \/><a href=\"https:\/\/sskz.rkc.si\/sskz\/2022\/05\/04\/vabilo-na-sinodalni-dan-skz-15-5-2022\/\" class=\"_self pt-cv-readmore btn btn-success\" target=\"_self\">Preberi Ve\u010d<\/a><\/div>\n<div class=\"pt-cv-meta-fields\"><span class=\"entry-date\"> <time datetime=\"2022-05-04T14:36:43+02:00\">4. maja, 2022<\/time><\/span> \/ <span class=\"terms\"> <a href='https:\/\/sskz.rkc.si\/sskz\/category\/novice\/' title='Novice' class='pt-cv-tax-novice'>Novice<\/a><\/span><\/div><\/div><\/div>\n<div class=\"col-md-12 col-sm-12 col-xs-12 pt-cv-content-item pt-cv-1-col\" ><div class='pt-cv-ifield'><a href=\"https:\/\/sskz.rkc.si\/sskz\/2022\/04\/15\/vabilo-na-velikonocno-romanje\/\" class=\"_self pt-cv-href-thumbnail pt-cv-thumb-default\" target=\"_self\" ><img width=\"300\" height=\"200\" src=\"https:\/\/sskz.rkc.si\/sskz\/wp-content\/uploads\/2022\/04\/vabilo-300x200.jpg\" class=\"pt-cv-thumbnail\" alt=\"\" loading=\"lazy\" srcset=\"https:\/\/sskz.rkc.si\/sskz\/wp-content\/uploads\/2022\/04\/vabilo-300x200.jpg 300w, https:\/\/sskz.rkc.si\/sskz\/wp-content\/uploads\/2022\/04\/vabilo-685x457.jpg 685w, https:\/\/sskz.rkc.si\/sskz\/wp-content\/uploads\/2022\/04\/vabilo-342x228.jpg 342w, https:\/\/sskz.rkc.si\/sskz\/wp-content\/uploads\/2022\/04\/vabilo-272x182.jpg 272w, https:\/\/sskz.rkc.si\/sskz\/wp-content\/uploads\/2022\/04\/vabilo.jpg 718w\" sizes=\"(max-width: 300px) 100vw, 300px\" \/><\/a>\n<h4 class=\"pt-cv-title\"><a href=\"https:\/\/sskz.rkc.si\/sskz\/2022\/04\/15\/vabilo-na-velikonocno-romanje\/\" class=\"_self\" target=\"_self\" >Vabilo na Velikono\u010dno romanje<\/a><\/h4>\n<div class=\"pt-cv-content\">Vabilo na Velikono\u010dno romanje v ponedeljek, 18. 04. 2022, k Sv. Roku v \u0160marjah pri Jel\u0161ah. Zbrali se bomo na parkiri\u0161\u010du pri ob\u010dini v \u0160marjah pri Jel\u0161ah (nasproti \u017eupnijske cerkve ...<br \/><a href=\"https:\/\/sskz.rkc.si\/sskz\/2022\/04\/15\/vabilo-na-velikonocno-romanje\/\" class=\"_self pt-cv-readmore btn btn-success\" target=\"_self\">Preberi Ve\u010d<\/a><\/div>\n<div class=\"pt-cv-meta-fields\"><span class=\"entry-date\"> <time datetime=\"2022-04-15T07:30:04+02:00\">15. aprila, 2022<\/time><\/span> \/ <span class=\"terms\"> <a href='https:\/\/sskz.rkc.si\/sskz\/category\/novice\/' title='Novice' class='pt-cv-tax-novice'>Novice<\/a><\/span><\/div><\/div><\/div>\n<div class=\"col-md-12 col-sm-12 col-xs-12 pt-cv-content-item pt-cv-1-col\" ><div class='pt-cv-ifield'><a href=\"https:\/\/sskz.rkc.si\/sskz\/2022\/03\/29\/romanje-za-mir-2022\/\" class=\"_self pt-cv-href-thumbnail pt-cv-thumb-default\" target=\"_self\" ><img width=\"300\" height=\"169\" src=\"https:\/\/sskz.rkc.si\/sskz\/wp-content\/uploads\/2022\/03\/36927684_303-300x169.jpg\" class=\"pt-cv-thumbnail\" alt=\"\" loading=\"lazy\" srcset=\"https:\/\/sskz.rkc.si\/sskz\/wp-content\/uploads\/2022\/03\/36927684_303-300x169.jpg 300w, https:\/\/sskz.rkc.si\/sskz\/wp-content\/uploads\/2022\/03\/36927684_303-685x386.jpg 685w, https:\/\/sskz.rkc.si\/sskz\/wp-content\/uploads\/2022\/03\/36927684_303.jpg 700w\" sizes=\"(max-width: 300px) 100vw, 300px\" \/><\/a>\n<h4 class=\"pt-cv-title\"><a href=\"https:\/\/sskz.rkc.si\/sskz\/2022\/03\/29\/romanje-za-mir-2022\/\" class=\"_self\" target=\"_self\" >Romanje za mir 2022<\/a><\/h4>\n<div class=\"pt-cv-content\">Slovenska Skupnost kr\u0161\u010danskega \u017eivljenja v sodelovanju s prijatelji in Dru\u017ebo Jezusovo ponovno organizira Romanje za mir. Tokrat bo potekalo od Ljubljane do Ilirske Bistrice med 23. in 27. julijem. Pot ...<br \/><a href=\"https:\/\/sskz.rkc.si\/sskz\/2022\/03\/29\/romanje-za-mir-2022\/\" class=\"_self pt-cv-readmore btn btn-success\" target=\"_self\">Preberi Ve\u010d<\/a><\/div>\n<div class=\"pt-cv-meta-fields\"><span class=\"entry-date\"> <time datetime=\"2022-03-29T15:16:27+02:00\">29. marca, 2022<\/time><\/span> \/ <span class=\"terms\"> <a href='https:\/\/sskz.rkc.si\/sskz\/category\/novice\/' title='Novice' class='pt-cv-tax-novice'>Novice<\/a><\/span><\/div><\/div><\/div><\/div><\/div><\/div>\n","protected":false},"excerpt":{"rendered":"","protected":false},"author":1,"featured_media":0,"parent":0,"menu_order":0,"comment_status":"closed","ping_status":"closed","template":"","meta":[],"_links":{"self":[{"href":"https:\/\/sskz.rkc.si\/sskz\/wp-json\/wp\/v2\/pages\/127"}],"collection":[{"href":"https:\/\/sskz.rkc.si\/sskz\/wp-json\/wp\/v2\/pages"}],"about":[{"href":"https:\/\/sskz.rkc.si\/sskz\/wp-json\/wp\/v2\/types\/page"}],"author":[{"embeddable":true,"href":"https:\/\/sskz.rkc.si\/sskz\/wp-json\/wp\/v2\/users\/1"}],"replies":[{"embeddable":true,"href":"https:\/\/sskz.rkc.si\/sskz\/wp-json\/wp\/v2\/comments?post=127"}],"version-history":[{"count":2,"href":"https:\/\/sskz.rkc.si\/sskz\/wp-json\/wp\/v2\/pages\/127\/revisions"}],"predecessor-version":[{"id":132,"href":"https:\/\/sskz.rkc.si\/sskz\/wp-json\/wp\/v2\/pages\/127\/revisions\/132"}],"wp:attachment":[{"href":"https:\/\/sskz.rkc.si\/sskz\/wp-json\/wp\/v2\/media?parent=127"}],"curies":[{"name":"wp","href":"https:\/\/api.w.org\/{rel}","templated":true}]}}