{"id":1251,"date":"2019-12-17T12:44:21","date_gmt":"2019-12-17T11:44:21","guid":{"rendered":"http:\/\/sskz.rkc.si\/sskz\/?page_id=1251"},"modified":"2021-05-16T08:16:27","modified_gmt":"2021-05-16T06:16:27","slug":"koledar-dogodkov","status":"publish","type":"page","link":"https:\/\/sskz.rkc.si\/sskz\/kdo-smo\/koledar-dogodkov\/","title":{"rendered":"Koledar dogodkov"},"content":{"rendered":"<table>\n<tbody>\n<tr>\n<td width=\"307\"><strong>Dogodek<\/strong><\/td>\n<td width=\"307\"><strong>Datum<\/strong><\/td>\n<\/tr>\n<tr>\n<td width=\"307\"><strong>Romanje k Mariji<\/strong><\/td>\n<td width=\"307\">20. 6. 2021<\/td>\n<\/tr>\n<tr>\n<td width=\"307\"><strong>Dan skupnosti\u00a0<\/strong><\/td>\n<td width=\"307\">2. ali 9. 10. 2021<\/td>\n<\/tr>\n<tr>\n<td width=\"307\"><strong>Adventna duhovna obnova<\/strong><\/td>\n<td width=\"307\">12. 12. 2021<\/td>\n<\/tr>\n<tr>\n<td width=\"307\"><strong>Skup\u0161\u010dina SSK\u017d<\/strong><\/td>\n<td width=\"307\">29. 1. 2022<\/td>\n<\/tr>\n<\/tbody>\n<\/table>\n","protected":false},"excerpt":{"rendered":"<p>Dogodek Datum Romanje k Mariji 20. 6. 2021 Dan skupnosti\u00a0 2. ali 9. 10. 2021 Adventna duhovna obnova 12. 12. 2021 Skup\u0161\u010dina SSK\u017d 29. 1. 2022<\/p>\n","protected":false},"author":1,"featured_media":0,"parent":183,"menu_order":0,"comment_status":"closed","ping_status":"closed","template":"","meta":[],"_links":{"self":[{"href":"https:\/\/sskz.rkc.si\/sskz\/wp-json\/wp\/v2\/pages\/1251"}],"collection":[{"href":"https:\/\/sskz.rkc.si\/sskz\/wp-json\/wp\/v2\/pages"}],"about":[{"href":"https:\/\/sskz.rkc.si\/sskz\/wp-json\/wp\/v2\/types\/page"}],"author":[{"embeddable":true,"href":"https:\/\/sskz.rkc.si\/sskz\/wp-json\/wp\/v2\/users\/1"}],"replies":[{"embeddable":true,"href":"https:\/\/sskz.rkc.si\/sskz\/wp-json\/wp\/v2\/comments?post=1251"}],"version-history":[{"count":5,"href":"https:\/\/sskz.rkc.si\/sskz\/wp-json\/wp\/v2\/pages\/1251\/revisions"}],"predecessor-version":[{"id":1517,"href":"https:\/\/sskz.rkc.si\/sskz\/wp-json\/wp\/v2\/pages\/1251\/revisions\/1517"}],"up":[{"embeddable":true,"href":"https:\/\/sskz.rkc.si\/sskz\/wp-json\/wp\/v2\/pages\/183"}],"wp:attachment":[{"href":"https:\/\/sskz.rkc.si\/sskz\/wp-json\/wp\/v2\/media?parent=1251"}],"curies":[{"name":"wp","href":"https:\/\/api.w.org\/{rel}","templated":true}]}}